{"id":1685,"date":"2025-12-26T15:56:50","date_gmt":"2025-12-26T15:56:50","guid":{"rendered":"https:\/\/medlinecapitalquote.ca\/products\/defibrillateur-sla-serie-r-zoll-avec-stimulation-onestep\/"},"modified":"2025-12-31T18:36:46","modified_gmt":"2025-12-31T18:36:46","slug":"defibrillateur-sla-serie-r-zoll-avec-stimulation-onestep","status":"publish","type":"product","link":"https:\/\/medlinecapitalquote.ca\/fr\/products\/defibrillateur-sla-serie-r-zoll-avec-stimulation-onestep\/","title":{"rendered":"D\u00e9fibrillateur SLA s\u00e9rie R Zoll\u00ae avec stimulation OneStep\u2122"},"content":{"rendered":"<ul>\n<li>CPR Dashboard\u2122 : affichage d\u00e9taill\u00e9 en temps r\u00e9el des mesures qualitatives de la RCP gr\u00e2ce \u00e0 la technologie Real CPR Help\u00ae<\/li>\n<li>Technologie See-Thru CPR\u00ae : minimise le temps de pause pendant la RCP et augmente la fraction de RCP en retirant les artefacts de RCP<\/li>\n<li>La d\u00e9fibrillation \u00e0 courant \u00e9lev\u00e9 permet d&rsquo;offrir un traitement optimal \u00e0 tous les patients<\/li>\n<li>Configuration du R Series Plus pour r\u00e9pondre aux besoins de tous les prestataires<\/li>\n<\/ul>\n","protected":false},"excerpt":{"rendered":"<p>CPR Dashboard\u2122 : affichage d\u00e9taill\u00e9 en temps r\u00e9el des mesures  [&#8230;]<\/p>\n","protected":false},"author":3,"featured_media":1684,"template":"","product-categories":[443],"product-rooms":[198],"product-variations":[],"clients":[],"class_list":["post-1685","product","type-product","status-publish","has-post-thumbnail","hentry","product_cat-defibrillators-fr","product_room-surgery-centre-operating-room-fr"],"acf":[],"_links":{"self":[{"href":"https:\/\/medlinecapitalquote.ca\/fr\/wp-json\/wp\/v2\/products\/1685","targetHints":{"allow":["GET"]}}],"collection":[{"href":"https:\/\/medlinecapitalquote.ca\/fr\/wp-json\/wp\/v2\/products"}],"about":[{"href":"https:\/\/medlinecapitalquote.ca\/fr\/wp-json\/wp\/v2\/types\/product"}],"author":[{"embeddable":true,"href":"https:\/\/medlinecapitalquote.ca\/fr\/wp-json\/wp\/v2\/users\/3"}],"wp:featuredmedia":[{"embeddable":true,"href":"https:\/\/medlinecapitalquote.ca\/fr\/wp-json\/wp\/v2\/media\/1684"}],"wp:attachment":[{"href":"https:\/\/medlinecapitalquote.ca\/fr\/wp-json\/wp\/v2\/media?parent=1685"}],"wp:term":[{"taxonomy":"product_cat","embeddable":true,"href":"https:\/\/medlinecapitalquote.ca\/fr\/wp-json\/wp\/v2\/product-categories?post=1685"},{"taxonomy":"product_room","embeddable":true,"href":"https:\/\/medlinecapitalquote.ca\/fr\/wp-json\/wp\/v2\/product-rooms?post=1685"},{"taxonomy":"product_variation","embeddable":true,"href":"https:\/\/medlinecapitalquote.ca\/fr\/wp-json\/wp\/v2\/product-variations?post=1685"},{"taxonomy":"client","embeddable":true,"href":"https:\/\/medlinecapitalquote.ca\/fr\/wp-json\/wp\/v2\/clients?post=1685"}],"curies":[{"name":"wp","href":"https:\/\/api.w.org\/{rel}","templated":true}]}}