{"id":1687,"date":"2025-12-26T16:06:02","date_gmt":"2025-12-26T16:06:02","guid":{"rendered":"https:\/\/medlinecapitalquote.ca\/products\/bloc-batterie-au-lithium-rechargeable-surepower\/"},"modified":"2026-01-05T07:48:17","modified_gmt":"2026-01-05T07:48:17","slug":"bloc-batterie-au-lithium-rechargeable-surepower","status":"publish","type":"product","link":"https:\/\/medlinecapitalquote.ca\/fr\/products\/bloc-batterie-au-lithium-rechargeable-surepower\/","title":{"rendered":"Bloc-batterie au lithium rechargeable SurePower\u2122"},"content":{"rendered":"<ul>\n<li>Capacit\u00e9 de 5,8 Ah<\/li>\n<li>Batterie au lithium-ion \u00e0 haute densit\u00e9<\/li>\n<li>Se recalibre automatiquement<\/li>\n<li>Enregistre l&rsquo;historique de l&rsquo;utilisation et l&rsquo;entretien<\/li>\n<li>Compatible avec les d\u00e9fibrillateurs et les moniteurs AED Pro, et les s\u00e9ries R et E ZOLL<\/li>\n<\/ul>\n","protected":false},"excerpt":{"rendered":"<p>Capacit\u00e9 de 5,8 Ah Batterie au lithium-ion \u00e0 haute densit\u00e9  [&#8230;]<\/p>\n","protected":false},"author":3,"featured_media":1689,"template":"","product-categories":[443],"product-rooms":[198],"product-variations":[],"clients":[],"class_list":["post-1687","product","type-product","status-publish","has-post-thumbnail","hentry","product_cat-defibrillators-fr","product_room-surgery-centre-operating-room-fr"],"acf":[],"_links":{"self":[{"href":"https:\/\/medlinecapitalquote.ca\/fr\/wp-json\/wp\/v2\/products\/1687","targetHints":{"allow":["GET"]}}],"collection":[{"href":"https:\/\/medlinecapitalquote.ca\/fr\/wp-json\/wp\/v2\/products"}],"about":[{"href":"https:\/\/medlinecapitalquote.ca\/fr\/wp-json\/wp\/v2\/types\/product"}],"author":[{"embeddable":true,"href":"https:\/\/medlinecapitalquote.ca\/fr\/wp-json\/wp\/v2\/users\/3"}],"wp:featuredmedia":[{"embeddable":true,"href":"https:\/\/medlinecapitalquote.ca\/fr\/wp-json\/wp\/v2\/media\/1689"}],"wp:attachment":[{"href":"https:\/\/medlinecapitalquote.ca\/fr\/wp-json\/wp\/v2\/media?parent=1687"}],"wp:term":[{"taxonomy":"product_cat","embeddable":true,"href":"https:\/\/medlinecapitalquote.ca\/fr\/wp-json\/wp\/v2\/product-categories?post=1687"},{"taxonomy":"product_room","embeddable":true,"href":"https:\/\/medlinecapitalquote.ca\/fr\/wp-json\/wp\/v2\/product-rooms?post=1687"},{"taxonomy":"product_variation","embeddable":true,"href":"https:\/\/medlinecapitalquote.ca\/fr\/wp-json\/wp\/v2\/product-variations?post=1687"},{"taxonomy":"client","embeddable":true,"href":"https:\/\/medlinecapitalquote.ca\/fr\/wp-json\/wp\/v2\/clients?post=1687"}],"curies":[{"name":"wp","href":"https:\/\/api.w.org\/{rel}","templated":true}]}}