{"id":1710,"date":"2025-12-24T10:23:35","date_gmt":"2025-12-24T10:23:35","guid":{"rendered":"https:\/\/medlinecapitalquote.ca\/products\/dessus-en-tissu-sans-couture-pour-tables-dexamen-ritter-224-et-225\/"},"modified":"2026-01-01T05:21:35","modified_gmt":"2026-01-01T05:21:35","slug":"dessus-en-tissu-sans-couture-pour-tables-dexamen-ritter-224-et-225","status":"publish","type":"product","link":"https:\/\/medlinecapitalquote.ca\/fr\/products\/dessus-en-tissu-sans-couture-pour-tables-dexamen-ritter-224-et-225\/","title":{"rendered":"Dessus en tissu sans couture pour tables d\u2019examen Ritter\u00ae 224 et 225"},"content":{"rendered":"<ul>\n<li>Largeur\u00a0: 71,1\u00a0cm (28\u00a0po)<\/li>\n<li>Souple, confortable et con\u00e7ue pour \u00e9liminer les zones o\u00f9 s\u2019accumulent la salet\u00e9 et les bact\u00e9ries, ainsi que faciliter et acc\u00e9l\u00e9rer le nettoyage<\/li>\n<li>Peut \u00eatre chang\u00e9 pour s\u2019adapter aux changements de d\u00e9cor ou au nettoyage<\/li>\n<li>Surface parfaite pour l\u2019orthop\u00e9die, la chiropractie ou l\u2019ost\u00e9opathie<\/li>\n<li>Autres couleurs disponibles<\/li>\n<\/ul>\n","protected":false},"excerpt":{"rendered":"<p>Largeur\u00a0: 71,1\u00a0cm (28\u00a0po) Souple, confortable et con\u00e7ue pour \u00e9liminer les  [&#8230;]<\/p>\n","protected":false},"author":4,"featured_media":163,"template":"","product-categories":[447],"product-rooms":[74],"product-variations":[95,538],"clients":[],"class_list":["post-1710","product","type-product","status-publish","has-post-thumbnail","hentry","product_cat-exam-and-procedure-tables-fr","product_room-exam-room-fr","product_variation-colour-fr","product_variation-obsidian-noire"],"acf":[],"_links":{"self":[{"href":"https:\/\/medlinecapitalquote.ca\/fr\/wp-json\/wp\/v2\/products\/1710","targetHints":{"allow":["GET"]}}],"collection":[{"href":"https:\/\/medlinecapitalquote.ca\/fr\/wp-json\/wp\/v2\/products"}],"about":[{"href":"https:\/\/medlinecapitalquote.ca\/fr\/wp-json\/wp\/v2\/types\/product"}],"author":[{"embeddable":true,"href":"https:\/\/medlinecapitalquote.ca\/fr\/wp-json\/wp\/v2\/users\/4"}],"wp:featuredmedia":[{"embeddable":true,"href":"https:\/\/medlinecapitalquote.ca\/fr\/wp-json\/wp\/v2\/media\/163"}],"wp:attachment":[{"href":"https:\/\/medlinecapitalquote.ca\/fr\/wp-json\/wp\/v2\/media?parent=1710"}],"wp:term":[{"taxonomy":"product_cat","embeddable":true,"href":"https:\/\/medlinecapitalquote.ca\/fr\/wp-json\/wp\/v2\/product-categories?post=1710"},{"taxonomy":"product_room","embeddable":true,"href":"https:\/\/medlinecapitalquote.ca\/fr\/wp-json\/wp\/v2\/product-rooms?post=1710"},{"taxonomy":"product_variation","embeddable":true,"href":"https:\/\/medlinecapitalquote.ca\/fr\/wp-json\/wp\/v2\/product-variations?post=1710"},{"taxonomy":"client","embeddable":true,"href":"https:\/\/medlinecapitalquote.ca\/fr\/wp-json\/wp\/v2\/clients?post=1710"}],"curies":[{"name":"wp","href":"https:\/\/api.w.org\/{rel}","templated":true}]}}