{"id":1714,"date":"2025-12-26T12:46:12","date_gmt":"2025-12-26T12:46:12","guid":{"rendered":"https:\/\/medlinecapitalquote.ca\/products\/socle-de-table-dexamen-ritter-224-avec-verin-a-gaz-manuel\/"},"modified":"2026-01-01T05:42:57","modified_gmt":"2026-01-01T05:42:57","slug":"socle-de-table-dexamen-ritter-224-avec-verin-a-gaz-manuel","status":"publish","type":"product","link":"https:\/\/medlinecapitalquote.ca\/fr\/products\/socle-de-table-dexamen-ritter-224-avec-verin-a-gaz-manuel\/","title":{"rendered":"Socle de table d\u2019examen Ritter\u00ae 224 avec v\u00e9rin \u00e0 gaz manuel"},"content":{"rendered":"<ul>\n<li>Capacit\u00e9\u00a0: 226\u00a0kg (500\u00a0lb)<\/li>\n<li>R\u00e9glage motoris\u00e9 de la hauteur de 46 \u00e0 94\u00a0cm (18 \u00e0 37\u00a0po) pour s\u2019adapter aux patients de toutes les tailles et r\u00e9duire le risque de blessure pour le personnel<\/li>\n<li>Commande au pied toujours \u00e0 proximit\u00e9 pour placer le patient rapidement et efficacement<\/li>\n<li>R\u00e9cepteurs d\u2019accessoires standard pour installer des accessoires facilement, efficacement et sans outils<\/li>\n<\/ul>\n","protected":false},"excerpt":{"rendered":"<p>Capacit\u00e9\u00a0: 226\u00a0kg (500\u00a0lb) R\u00e9glage motoris\u00e9 de la hauteur de 46  [&#8230;]<\/p>\n","protected":false},"author":4,"featured_media":554,"template":"","product-categories":[447],"product-rooms":[74],"product-variations":[933,934,932,92],"clients":[],"class_list":["post-1714","product","type-product","status-publish","has-post-thumbnail","hentry","product_cat-exam-and-procedure-tables-fr","product_room-exam-room-fr","product_variation-avec-elevateur-pelvien-ajustable-tiroir-chauffant-prise-de-courant-fr","product_variation-avec-elevateur-pelvien-ajustable-tiroir-chauffant-prise-de-courant-rouleau-fr","product_variation-modele-de-base-fr","product_variation-configuration-fr"],"acf":[],"_links":{"self":[{"href":"https:\/\/medlinecapitalquote.ca\/fr\/wp-json\/wp\/v2\/products\/1714","targetHints":{"allow":["GET"]}}],"collection":[{"href":"https:\/\/medlinecapitalquote.ca\/fr\/wp-json\/wp\/v2\/products"}],"about":[{"href":"https:\/\/medlinecapitalquote.ca\/fr\/wp-json\/wp\/v2\/types\/product"}],"author":[{"embeddable":true,"href":"https:\/\/medlinecapitalquote.ca\/fr\/wp-json\/wp\/v2\/users\/4"}],"wp:featuredmedia":[{"embeddable":true,"href":"https:\/\/medlinecapitalquote.ca\/fr\/wp-json\/wp\/v2\/media\/554"}],"wp:attachment":[{"href":"https:\/\/medlinecapitalquote.ca\/fr\/wp-json\/wp\/v2\/media?parent=1714"}],"wp:term":[{"taxonomy":"product_cat","embeddable":true,"href":"https:\/\/medlinecapitalquote.ca\/fr\/wp-json\/wp\/v2\/product-categories?post=1714"},{"taxonomy":"product_room","embeddable":true,"href":"https:\/\/medlinecapitalquote.ca\/fr\/wp-json\/wp\/v2\/product-rooms?post=1714"},{"taxonomy":"product_variation","embeddable":true,"href":"https:\/\/medlinecapitalquote.ca\/fr\/wp-json\/wp\/v2\/product-variations?post=1714"},{"taxonomy":"client","embeddable":true,"href":"https:\/\/medlinecapitalquote.ca\/fr\/wp-json\/wp\/v2\/clients?post=1714"}],"curies":[{"name":"wp","href":"https:\/\/api.w.org\/{rel}","templated":true}]}}