{"id":1717,"date":"2025-12-24T10:28:06","date_gmt":"2025-12-24T10:28:06","guid":{"rendered":"https:\/\/medlinecapitalquote.ca\/products\/lampe-dexamen-a-del-ritter-250\/"},"modified":"2026-01-01T06:37:15","modified_gmt":"2026-01-01T06:37:15","slug":"lampe-dexamen-a-del-ritter-250","status":"publish","type":"product","link":"https:\/\/medlinecapitalquote.ca\/fr\/products\/lampe-dexamen-a-del-ritter-250\/","title":{"rendered":"Lampe d\u2019examen \u00e0 DEL Ritter\u00ae 250"},"content":{"rendered":"<ul>\n<li>Consomme de 45 \u00e0 60\u00a0% moins d\u2019\u00e9nergie que les autres lampes, ce qui permet de r\u00e9duire consid\u00e9rablement les co\u00fbts d\u2019utilisation pendant la dur\u00e9e de vie de la DEL<\/li>\n<li>Dure jusqu\u2019\u00e0 10\u00a0fois plus longtemps qu\u2019une ampoule halog\u00e8ne et jusqu\u2019\u00e0 20\u00a0fois plus longtemps qu\u2019une ampoule \u00e0 incandescence<\/li>\n<li>Technologie DEL pour une dur\u00e9e de vie plus longue et une consommation d\u2019\u00e9nergie r\u00e9duite<\/li>\n<\/ul>\n","protected":false},"excerpt":{"rendered":"<p>Consomme de 45 \u00e0 60\u00a0% moins d\u2019\u00e9nergie que les autres  [&#8230;]<\/p>\n","protected":false},"author":4,"featured_media":167,"template":"","product-categories":[453],"product-rooms":[74],"product-variations":[938,92],"clients":[],"class_list":["post-1717","product","type-product","status-publish","has-post-thumbnail","hentry","product_cat-lights-fr","product_room-exam-room-fr","product_variation-avec-support-au-sol-fr","product_variation-configuration-fr"],"acf":[],"_links":{"self":[{"href":"https:\/\/medlinecapitalquote.ca\/fr\/wp-json\/wp\/v2\/products\/1717","targetHints":{"allow":["GET"]}}],"collection":[{"href":"https:\/\/medlinecapitalquote.ca\/fr\/wp-json\/wp\/v2\/products"}],"about":[{"href":"https:\/\/medlinecapitalquote.ca\/fr\/wp-json\/wp\/v2\/types\/product"}],"author":[{"embeddable":true,"href":"https:\/\/medlinecapitalquote.ca\/fr\/wp-json\/wp\/v2\/users\/4"}],"wp:featuredmedia":[{"embeddable":true,"href":"https:\/\/medlinecapitalquote.ca\/fr\/wp-json\/wp\/v2\/media\/167"}],"wp:attachment":[{"href":"https:\/\/medlinecapitalquote.ca\/fr\/wp-json\/wp\/v2\/media?parent=1717"}],"wp:term":[{"taxonomy":"product_cat","embeddable":true,"href":"https:\/\/medlinecapitalquote.ca\/fr\/wp-json\/wp\/v2\/product-categories?post=1717"},{"taxonomy":"product_room","embeddable":true,"href":"https:\/\/medlinecapitalquote.ca\/fr\/wp-json\/wp\/v2\/product-rooms?post=1717"},{"taxonomy":"product_variation","embeddable":true,"href":"https:\/\/medlinecapitalquote.ca\/fr\/wp-json\/wp\/v2\/product-variations?post=1717"},{"taxonomy":"client","embeddable":true,"href":"https:\/\/medlinecapitalquote.ca\/fr\/wp-json\/wp\/v2\/clients?post=1717"}],"curies":[{"name":"wp","href":"https:\/\/api.w.org\/{rel}","templated":true}]}}