{"id":1719,"date":"2025-12-26T13:03:16","date_gmt":"2025-12-26T13:03:16","guid":{"rendered":"https:\/\/medlinecapitalquote.ca\/products\/lampe-dexamen-a-del-ritter-253\/"},"modified":"2026-01-01T06:48:05","modified_gmt":"2026-01-01T06:48:05","slug":"lampe-dexamen-a-del-ritter-253","status":"publish","type":"product","link":"https:\/\/medlinecapitalquote.ca\/fr\/products\/lampe-dexamen-a-del-ritter-253\/","title":{"rendered":"Lampe d\u2019examen \u00e0 DEL Ritter\u00ae 253"},"content":{"rendered":"<ul>\n<li>Consomme de 45 \u00e0 60\u00a0% moins d\u2019\u00e9nergie que les autres lampes, ce qui permet de r\u00e9duire consid\u00e9rablement les co\u00fbts d\u2019utilisation pendant la dur\u00e9e de vie de la DEL<\/li>\n<li>Dure jusqu\u2019\u00e0 10\u00a0fois plus longtemps qu\u2019une ampoule halog\u00e8ne et jusqu\u2019\u00e0 20\u00a0fois plus longtemps qu\u2019une ampoule \u00e0 incandescence<\/li>\n<li>Facile \u00e0 utiliser et \u00e0 nettoyer, durable et esth\u00e9tique<\/li>\n<li>Commandes situ\u00e9es \u00e0 port\u00e9e de main sur la t\u00eate d\u2019\u00e9clairage facilitant tous les r\u00e9glages de l\u2019\u00e9clairage pendant les longues interventions<\/li>\n<li>Ses options d\u2019installation sur table et de d\u00e9placement en font un ajout flexible et peu encombrant pour toute salle d\u2019examen<\/li>\n<\/ul>\n","protected":false},"excerpt":{"rendered":"<p>Consomme de 45 \u00e0 60\u00a0% moins d\u2019\u00e9nergie que les autres  [&#8230;]<\/p>\n","protected":false},"author":4,"featured_media":560,"template":"","product-categories":[453],"product-rooms":[74],"product-variations":[945,946,947,649,591,948,92],"clients":[],"class_list":["post-1719","product","type-product","status-publish","has-post-thumbnail","hentry","product_cat-lights-fr","product_room-exam-room-fr","product_variation-avec-support-de-chaise-fr","product_variation-avec-support-de-table-fr","product_variation-avec-support-et-quincaillerie-de-montage-fr","product_variation-avec-support-mobile","product_variation-avec-support-mural","product_variation-sans-quincaillerie-de-montage-fr","product_variation-configuration-fr"],"acf":[],"_links":{"self":[{"href":"https:\/\/medlinecapitalquote.ca\/fr\/wp-json\/wp\/v2\/products\/1719","targetHints":{"allow":["GET"]}}],"collection":[{"href":"https:\/\/medlinecapitalquote.ca\/fr\/wp-json\/wp\/v2\/products"}],"about":[{"href":"https:\/\/medlinecapitalquote.ca\/fr\/wp-json\/wp\/v2\/types\/product"}],"author":[{"embeddable":true,"href":"https:\/\/medlinecapitalquote.ca\/fr\/wp-json\/wp\/v2\/users\/4"}],"wp:featuredmedia":[{"embeddable":true,"href":"https:\/\/medlinecapitalquote.ca\/fr\/wp-json\/wp\/v2\/media\/560"}],"wp:attachment":[{"href":"https:\/\/medlinecapitalquote.ca\/fr\/wp-json\/wp\/v2\/media?parent=1719"}],"wp:term":[{"taxonomy":"product_cat","embeddable":true,"href":"https:\/\/medlinecapitalquote.ca\/fr\/wp-json\/wp\/v2\/product-categories?post=1719"},{"taxonomy":"product_room","embeddable":true,"href":"https:\/\/medlinecapitalquote.ca\/fr\/wp-json\/wp\/v2\/product-rooms?post=1719"},{"taxonomy":"product_variation","embeddable":true,"href":"https:\/\/medlinecapitalquote.ca\/fr\/wp-json\/wp\/v2\/product-variations?post=1719"},{"taxonomy":"client","embeddable":true,"href":"https:\/\/medlinecapitalquote.ca\/fr\/wp-json\/wp\/v2\/clients?post=1719"}],"curies":[{"name":"wp","href":"https:\/\/api.w.org\/{rel}","templated":true}]}}