{"id":1724,"date":"2025-12-26T14:01:05","date_gmt":"2025-12-26T14:01:05","guid":{"rendered":"https:\/\/medlinecapitalquote.ca\/products\/lampe-pour-interventions-a-del-ritter-255\/"},"modified":"2026-01-02T13:19:53","modified_gmt":"2026-01-02T13:19:53","slug":"lampe-pour-interventions-a-del-ritter-255","status":"publish","type":"product","link":"https:\/\/medlinecapitalquote.ca\/fr\/products\/lampe-pour-interventions-a-del-ritter-255\/","title":{"rendered":"Lampe pour interventions \u00e0 DEL Ritter\u00ae 255"},"content":{"rendered":"<ul>\n<li> Lampe \u00e0 7\u00a0500\u00a0FC avec une temp\u00e9rature de couleur de 4\u00a0400\u00a0K offrant une lumi\u00e8re blanche naturelle comparable \u00e0 celle de la lumi\u00e8re naturelle \u00e0 midi\n<\/li>\n<li> Combinaison d\u2019optiques am\u00e9liorant la capacit\u00e9 d\u2019observer les variations de couleur dans les tissus\n<\/li>\n<li> Technologie \u00e0 DEL rentable qui utilise moins d\u2019\u00e9nergie, ce qui r\u00e9duit les co\u00fbts d\u2019utilisation totaux\n<\/li>\n<li> Interrupteur marche\/arr\u00eat et gradateur int\u00e9gr\u00e9s des deux c\u00f4t\u00e9s de la t\u00eate d\u2019\u00e9clairage permettant un contr\u00f4le \u00e0 l\u2019endroit le plus pratique pour une utilisation plus efficace<\/li>\n<\/ul>\n","protected":false},"excerpt":{"rendered":"<p>Lampe \u00e0 7\u00a0500\u00a0FC avec une temp\u00e9rature de couleur de 4\u00a0400\u00a0K  [&#8230;]<\/p>\n","protected":false},"author":4,"featured_media":576,"template":"","product-categories":[453],"product-rooms":[74],"product-variations":[649,591,92],"clients":[],"class_list":["post-1724","product","type-product","status-publish","has-post-thumbnail","hentry","product_cat-lights-fr","product_room-exam-room-fr","product_variation-avec-support-mobile","product_variation-avec-support-mural","product_variation-configuration-fr"],"acf":[],"_links":{"self":[{"href":"https:\/\/medlinecapitalquote.ca\/fr\/wp-json\/wp\/v2\/products\/1724","targetHints":{"allow":["GET"]}}],"collection":[{"href":"https:\/\/medlinecapitalquote.ca\/fr\/wp-json\/wp\/v2\/products"}],"about":[{"href":"https:\/\/medlinecapitalquote.ca\/fr\/wp-json\/wp\/v2\/types\/product"}],"author":[{"embeddable":true,"href":"https:\/\/medlinecapitalquote.ca\/fr\/wp-json\/wp\/v2\/users\/4"}],"wp:featuredmedia":[{"embeddable":true,"href":"https:\/\/medlinecapitalquote.ca\/fr\/wp-json\/wp\/v2\/media\/576"}],"wp:attachment":[{"href":"https:\/\/medlinecapitalquote.ca\/fr\/wp-json\/wp\/v2\/media?parent=1724"}],"wp:term":[{"taxonomy":"product_cat","embeddable":true,"href":"https:\/\/medlinecapitalquote.ca\/fr\/wp-json\/wp\/v2\/product-categories?post=1724"},{"taxonomy":"product_room","embeddable":true,"href":"https:\/\/medlinecapitalquote.ca\/fr\/wp-json\/wp\/v2\/product-rooms?post=1724"},{"taxonomy":"product_variation","embeddable":true,"href":"https:\/\/medlinecapitalquote.ca\/fr\/wp-json\/wp\/v2\/product-variations?post=1724"},{"taxonomy":"client","embeddable":true,"href":"https:\/\/medlinecapitalquote.ca\/fr\/wp-json\/wp\/v2\/clients?post=1724"}],"curies":[{"name":"wp","href":"https:\/\/api.w.org\/{rel}","templated":true}]}}