{"id":1725,"date":"2025-12-24T10:44:17","date_gmt":"2025-12-24T10:44:17","guid":{"rendered":"https:\/\/medlinecapitalquote.ca\/products\/tabouret-tournant-a-reglage-manuel-ritter-270-sans-dossier\/"},"modified":"2026-01-01T10:17:50","modified_gmt":"2026-01-01T10:17:50","slug":"tabouret-tournant-a-reglage-manuel-ritter-270-sans-dossier","status":"publish","type":"product","link":"https:\/\/medlinecapitalquote.ca\/fr\/products\/tabouret-tournant-a-reglage-manuel-ritter-270-sans-dossier\/","title":{"rendered":"Tabouret tournant \u00e0 r\u00e9glage manuel Ritter\u00ae 270 sans dossier"},"content":{"rendered":"<ul>\n<li>Si\u00e8ge ajustable manuellement de 46 \u00e0 62\u00a0cm (18 \u00e0 24,5\u00a0po)<\/li>\n<li>Base en forme d\u2019\u00e9toile qui permet un meilleur acc\u00e8s au patient, assure une meilleure stabilit\u00e9 et facilite la maniabilit\u00e9<\/li>\n<li>Autres couleurs disponibles<\/li>\n<\/ul>\n","protected":false},"excerpt":{"rendered":"<p>Si\u00e8ge ajustable manuellement de 46 \u00e0 62\u00a0cm (18 \u00e0 24,5\u00a0po)  [&#8230;]<\/p>\n","protected":false},"author":4,"featured_media":171,"template":"","product-categories":[470],"product-rooms":[74],"product-variations":[95,538],"clients":[],"class_list":["post-1725","product","type-product","status-publish","has-post-thumbnail","hentry","product_cat-stools-fr","product_room-exam-room-fr","product_variation-colour-fr","product_variation-obsidian-noire"],"acf":[],"_links":{"self":[{"href":"https:\/\/medlinecapitalquote.ca\/fr\/wp-json\/wp\/v2\/products\/1725","targetHints":{"allow":["GET"]}}],"collection":[{"href":"https:\/\/medlinecapitalquote.ca\/fr\/wp-json\/wp\/v2\/products"}],"about":[{"href":"https:\/\/medlinecapitalquote.ca\/fr\/wp-json\/wp\/v2\/types\/product"}],"author":[{"embeddable":true,"href":"https:\/\/medlinecapitalquote.ca\/fr\/wp-json\/wp\/v2\/users\/4"}],"wp:featuredmedia":[{"embeddable":true,"href":"https:\/\/medlinecapitalquote.ca\/fr\/wp-json\/wp\/v2\/media\/171"}],"wp:attachment":[{"href":"https:\/\/medlinecapitalquote.ca\/fr\/wp-json\/wp\/v2\/media?parent=1725"}],"wp:term":[{"taxonomy":"product_cat","embeddable":true,"href":"https:\/\/medlinecapitalquote.ca\/fr\/wp-json\/wp\/v2\/product-categories?post=1725"},{"taxonomy":"product_room","embeddable":true,"href":"https:\/\/medlinecapitalquote.ca\/fr\/wp-json\/wp\/v2\/product-rooms?post=1725"},{"taxonomy":"product_variation","embeddable":true,"href":"https:\/\/medlinecapitalquote.ca\/fr\/wp-json\/wp\/v2\/product-variations?post=1725"},{"taxonomy":"client","embeddable":true,"href":"https:\/\/medlinecapitalquote.ca\/fr\/wp-json\/wp\/v2\/clients?post=1725"}],"curies":[{"name":"wp","href":"https:\/\/api.w.org\/{rel}","templated":true}]}}