{"id":1727,"date":"2025-12-24T11:09:47","date_gmt":"2025-12-24T11:09:47","guid":{"rendered":"https:\/\/medlinecapitalquote.ca\/products\/tabouret-pneumatique-a-hauteur-ajustable-ritter-272-sans-dossier\/"},"modified":"2026-01-01T10:50:19","modified_gmt":"2026-01-01T10:50:19","slug":"tabouret-pneumatique-a-hauteur-ajustable-ritter-272-sans-dossier","status":"publish","type":"product","link":"https:\/\/medlinecapitalquote.ca\/fr\/products\/tabouret-pneumatique-a-hauteur-ajustable-ritter-272-sans-dossier\/","title":{"rendered":"Tabouret pneumatique \u00e0 hauteur ajustable Ritter\u00ae 272 sans dossier"},"content":{"rendered":"<ul>\n<li>Hauteur\u00a0: 46 \u00e0 62\u00a0cm (18 \u00e0 24,5\u00a0po)<\/li>\n<li>Socle \u00e0 5\u00a0pattes en composite noir qui permet un meilleur acc\u00e8s au patient, assure une meilleure stabilit\u00e9 et facilite la maniabilit\u00e9<\/li>\n<\/ul>\n","protected":false},"excerpt":{"rendered":"<p>Hauteur\u00a0: 46 \u00e0 62\u00a0cm (18 \u00e0 24,5\u00a0po) Socle \u00e0 5\u00a0pattes  [&#8230;]<\/p>\n","protected":false},"author":4,"featured_media":178,"template":"","product-categories":[470],"product-rooms":[74],"product-variations":[95,538],"clients":[],"class_list":["post-1727","product","type-product","status-publish","has-post-thumbnail","hentry","product_cat-stools-fr","product_room-exam-room-fr","product_variation-colour-fr","product_variation-obsidian-noire"],"acf":[],"_links":{"self":[{"href":"https:\/\/medlinecapitalquote.ca\/fr\/wp-json\/wp\/v2\/products\/1727","targetHints":{"allow":["GET"]}}],"collection":[{"href":"https:\/\/medlinecapitalquote.ca\/fr\/wp-json\/wp\/v2\/products"}],"about":[{"href":"https:\/\/medlinecapitalquote.ca\/fr\/wp-json\/wp\/v2\/types\/product"}],"author":[{"embeddable":true,"href":"https:\/\/medlinecapitalquote.ca\/fr\/wp-json\/wp\/v2\/users\/4"}],"wp:featuredmedia":[{"embeddable":true,"href":"https:\/\/medlinecapitalquote.ca\/fr\/wp-json\/wp\/v2\/media\/178"}],"wp:attachment":[{"href":"https:\/\/medlinecapitalquote.ca\/fr\/wp-json\/wp\/v2\/media?parent=1727"}],"wp:term":[{"taxonomy":"product_cat","embeddable":true,"href":"https:\/\/medlinecapitalquote.ca\/fr\/wp-json\/wp\/v2\/product-categories?post=1727"},{"taxonomy":"product_room","embeddable":true,"href":"https:\/\/medlinecapitalquote.ca\/fr\/wp-json\/wp\/v2\/product-rooms?post=1727"},{"taxonomy":"product_variation","embeddable":true,"href":"https:\/\/medlinecapitalquote.ca\/fr\/wp-json\/wp\/v2\/product-variations?post=1727"},{"taxonomy":"client","embeddable":true,"href":"https:\/\/medlinecapitalquote.ca\/fr\/wp-json\/wp\/v2\/clients?post=1727"}],"curies":[{"name":"wp","href":"https:\/\/api.w.org\/{rel}","templated":true}]}}