{"id":1729,"date":"2025-12-26T14:22:01","date_gmt":"2025-12-26T14:22:01","guid":{"rendered":"https:\/\/medlinecapitalquote.ca\/products\/chaise-pour-patients-ritter-280\/"},"modified":"2026-01-09T12:06:32","modified_gmt":"2026-01-09T12:06:32","slug":"chaise-pour-patients-ritter-280","status":"publish","type":"product","link":"https:\/\/medlinecapitalquote.ca\/fr\/products\/chaise-pour-patients-ritter-280\/","title":{"rendered":"Chaise pour patients Ritter 280"},"content":{"rendered":"<ul>\n<li>Fauteuil doux et confortable pour vos patients dans la salle d&rsquo;examen, la salle d&rsquo;attente et la r\u00e9ception<\/li>\n<li>Conception du pied anti-rebond permettant de placer le fauteuil pr\u00e8s du mur sans l&rsquo;endommager<\/li>\n<li>Si\u00e8ge et dossier rembourr\u00e9s et profil\u00e9s avec une hauteur d&rsquo;assise de 18 po; accoudoirs en plastique r\u00e9sistant aux chocs sur certains mod\u00e8les<\/li>\n<li>Cadre robuste en tube d&rsquo;acier noir thermolaqu\u00e9 avec pieds r\u00e9glables<\/li>\n<li>Rev\u00eatement UltraFree (disponible sur certains mod\u00e8les) offrant l&rsquo;aspect et le toucher du cuir avec un mat\u00e9riau sans PVC<\/li>\n<li>Autres couleurs disponibles<\/li>\n<\/ul>\n","protected":false},"excerpt":{"rendered":"<p>Fauteuil doux et confortable pour vos patients dans la salle  [&#8230;]<\/p>\n","protected":false},"author":4,"featured_media":2161,"template":"","product-categories":[464],"product-rooms":[74],"product-variations":[954,95,953],"clients":[],"class_list":["post-1729","product","type-product","status-publish","has-post-thumbnail","hentry","product_cat-seating-fr","product_room-exam-room-fr","product_variation-avec-accoudoirs-noir","product_variation-colour-fr","product_variation-sans-accoudoirs-noir"],"acf":[],"_links":{"self":[{"href":"https:\/\/medlinecapitalquote.ca\/fr\/wp-json\/wp\/v2\/products\/1729","targetHints":{"allow":["GET"]}}],"collection":[{"href":"https:\/\/medlinecapitalquote.ca\/fr\/wp-json\/wp\/v2\/products"}],"about":[{"href":"https:\/\/medlinecapitalquote.ca\/fr\/wp-json\/wp\/v2\/types\/product"}],"author":[{"embeddable":true,"href":"https:\/\/medlinecapitalquote.ca\/fr\/wp-json\/wp\/v2\/users\/4"}],"wp:featuredmedia":[{"embeddable":true,"href":"https:\/\/medlinecapitalquote.ca\/fr\/wp-json\/wp\/v2\/media\/2161"}],"wp:attachment":[{"href":"https:\/\/medlinecapitalquote.ca\/fr\/wp-json\/wp\/v2\/media?parent=1729"}],"wp:term":[{"taxonomy":"product_cat","embeddable":true,"href":"https:\/\/medlinecapitalquote.ca\/fr\/wp-json\/wp\/v2\/product-categories?post=1729"},{"taxonomy":"product_room","embeddable":true,"href":"https:\/\/medlinecapitalquote.ca\/fr\/wp-json\/wp\/v2\/product-rooms?post=1729"},{"taxonomy":"product_variation","embeddable":true,"href":"https:\/\/medlinecapitalquote.ca\/fr\/wp-json\/wp\/v2\/product-variations?post=1729"},{"taxonomy":"client","embeddable":true,"href":"https:\/\/medlinecapitalquote.ca\/fr\/wp-json\/wp\/v2\/clients?post=1729"}],"curies":[{"name":"wp","href":"https:\/\/api.w.org\/{rel}","templated":true}]}}