{"id":1734,"date":"2025-12-26T15:50:59","date_gmt":"2025-12-26T15:50:59","guid":{"rendered":"https:\/\/medlinecapitalquote.ca\/products\/defibrillateur-zoll-aed-3\/"},"modified":"2026-01-01T12:35:26","modified_gmt":"2026-01-01T12:35:26","slug":"defibrillateur-zoll-aed-3","status":"publish","type":"product","link":"https:\/\/medlinecapitalquote.ca\/fr\/products\/defibrillateur-zoll-aed-3\/","title":{"rendered":"D\u00e9fibrillateur Zoll\u00ae AED 3"},"content":{"rendered":"<ul>\n<li>La technologie Real CPR Help\u00ae am\u00e9lior\u00e9e fournit un retour d&rsquo;information en temps r\u00e9el sur le rythme et la profondeur des compressions thoraciques<\/li>\n<li>Retour d&rsquo;information visuel et sonore sur la qualit\u00e9 de la RCP<\/li>\n<li>\u00c9cran tactile LCD haute r\u00e9solution avec des images de sauvetage claires pour un guidage visuel<\/li>\n<li>La minuterie de cycle de la RCP et la grande barre de couleur indiquent la profondeur de compression de la RCP<\/li>\n<li>La technologie d&rsquo;analyse RapidShock minimise le temps de pause avant le choc<\/li>\n<li>La connectivit\u00e9 Wi-Fi int\u00e9gr\u00e9e peut automatiquement signaler que l&rsquo;appareil est pr\u00eat et offre un acc\u00e8s rapide aux donn\u00e9es<\/li>\n<li>R\u00e9siste aux temp\u00e9ratures extr\u00eames, \u00e0 l&rsquo;altitude, aux vibrations et aux chocs<\/li>\n<li>Les auto-tests automatiques complets garantissent que l&rsquo;appareil est pr\u00eat en cas de besoin<\/li>\n<li>Configuration semi-automatique et enti\u00e8rement automatique<\/li>\n<\/ul>\n","protected":false},"excerpt":{"rendered":"<p>La technologie Real CPR Help\u00ae am\u00e9lior\u00e9e fournit un retour d&rsquo;information  [&#8230;]<\/p>\n","protected":false},"author":3,"featured_media":1701,"template":"","product-categories":[443],"product-rooms":[74],"product-variations":[534,533,92],"clients":[],"class_list":["post-1734","product","type-product","status-publish","has-post-thumbnail","hentry","product_cat-defibrillators-fr","product_room-exam-room-fr","product_variation-entierement-automatique","product_variation-semi-automatique","product_variation-configuration-fr"],"acf":[],"_links":{"self":[{"href":"https:\/\/medlinecapitalquote.ca\/fr\/wp-json\/wp\/v2\/products\/1734","targetHints":{"allow":["GET"]}}],"collection":[{"href":"https:\/\/medlinecapitalquote.ca\/fr\/wp-json\/wp\/v2\/products"}],"about":[{"href":"https:\/\/medlinecapitalquote.ca\/fr\/wp-json\/wp\/v2\/types\/product"}],"author":[{"embeddable":true,"href":"https:\/\/medlinecapitalquote.ca\/fr\/wp-json\/wp\/v2\/users\/3"}],"wp:featuredmedia":[{"embeddable":true,"href":"https:\/\/medlinecapitalquote.ca\/fr\/wp-json\/wp\/v2\/media\/1701"}],"wp:attachment":[{"href":"https:\/\/medlinecapitalquote.ca\/fr\/wp-json\/wp\/v2\/media?parent=1734"}],"wp:term":[{"taxonomy":"product_cat","embeddable":true,"href":"https:\/\/medlinecapitalquote.ca\/fr\/wp-json\/wp\/v2\/product-categories?post=1734"},{"taxonomy":"product_room","embeddable":true,"href":"https:\/\/medlinecapitalquote.ca\/fr\/wp-json\/wp\/v2\/product-rooms?post=1734"},{"taxonomy":"product_variation","embeddable":true,"href":"https:\/\/medlinecapitalquote.ca\/fr\/wp-json\/wp\/v2\/product-variations?post=1734"},{"taxonomy":"client","embeddable":true,"href":"https:\/\/medlinecapitalquote.ca\/fr\/wp-json\/wp\/v2\/clients?post=1734"}],"curies":[{"name":"wp","href":"https:\/\/api.w.org\/{rel}","templated":true}]}}