{"id":1739,"date":"2025-12-26T18:02:48","date_gmt":"2025-12-26T18:02:48","guid":{"rendered":"https:\/\/medlinecapitalquote.ca\/products\/station-de-lavage-oculaire-wasip-avec-miroir-et-bouteille-de-solution-vide\/"},"modified":"2026-01-01T12:44:38","modified_gmt":"2026-01-01T12:44:38","slug":"station-de-lavage-oculaire-wasip-avec-miroir-et-bouteille-de-solution-vide","status":"publish","type":"product","link":"https:\/\/medlinecapitalquote.ca\/fr\/products\/station-de-lavage-oculaire-wasip-avec-miroir-et-bouteille-de-solution-vide\/","title":{"rendered":"Station de lavage oculaire Wasip avec miroir et bouteille de solution vide"},"content":{"rendered":"<ul>\n<li>Peut contenir un flacon de douche oculaire de 500 ml (16 oz.) ou 500 ml de solution pr\u00e9m\u00e9lang\u00e9e<\/li>\n<li>Miroir pour visualiser les yeux ou le visage contamin\u00e9s<\/li>\n<li>Panneau pour douche oculaire en plastique durable et r\u00e9sistant aux chocs<\/li>\n<li>Montage mural<\/li>\n<li>Pour une d\u00e9contamination rapide des yeux ou de la peau ayant \u00e9t\u00e9 expos\u00e9s \u00e0 des produits chimiques nocifs<\/li>\n<\/ul>\n","protected":false},"excerpt":{"rendered":"<p>Peut contenir un flacon de douche oculaire de 500 ml  [&#8230;]<\/p>\n","protected":false},"author":3,"featured_media":1697,"template":"","product-categories":[449],"product-rooms":[74],"product-variations":[537,536,92],"clients":[],"class_list":["post-1739","product","type-product","status-publish","has-post-thumbnail","hentry","product_cat-eye-wash-stations-fr","product_room-exam-room-fr","product_variation-1-l-bouteille-vide","product_variation-500-ml-bouteille-vide","product_variation-configuration-fr"],"acf":[],"_links":{"self":[{"href":"https:\/\/medlinecapitalquote.ca\/fr\/wp-json\/wp\/v2\/products\/1739","targetHints":{"allow":["GET"]}}],"collection":[{"href":"https:\/\/medlinecapitalquote.ca\/fr\/wp-json\/wp\/v2\/products"}],"about":[{"href":"https:\/\/medlinecapitalquote.ca\/fr\/wp-json\/wp\/v2\/types\/product"}],"author":[{"embeddable":true,"href":"https:\/\/medlinecapitalquote.ca\/fr\/wp-json\/wp\/v2\/users\/3"}],"wp:featuredmedia":[{"embeddable":true,"href":"https:\/\/medlinecapitalquote.ca\/fr\/wp-json\/wp\/v2\/media\/1697"}],"wp:attachment":[{"href":"https:\/\/medlinecapitalquote.ca\/fr\/wp-json\/wp\/v2\/media?parent=1739"}],"wp:term":[{"taxonomy":"product_cat","embeddable":true,"href":"https:\/\/medlinecapitalquote.ca\/fr\/wp-json\/wp\/v2\/product-categories?post=1739"},{"taxonomy":"product_room","embeddable":true,"href":"https:\/\/medlinecapitalquote.ca\/fr\/wp-json\/wp\/v2\/product-rooms?post=1739"},{"taxonomy":"product_variation","embeddable":true,"href":"https:\/\/medlinecapitalquote.ca\/fr\/wp-json\/wp\/v2\/product-variations?post=1739"},{"taxonomy":"client","embeddable":true,"href":"https:\/\/medlinecapitalquote.ca\/fr\/wp-json\/wp\/v2\/clients?post=1739"}],"curies":[{"name":"wp","href":"https:\/\/api.w.org\/{rel}","templated":true}]}}