{"id":1740,"date":"2025-12-26T18:07:54","date_gmt":"2025-12-26T18:07:54","guid":{"rendered":"https:\/\/medlinecapitalquote.ca\/products\/pompe-a-perfusion-baxter-spectrum-iq\/"},"modified":"2026-01-01T12:52:28","modified_gmt":"2026-01-01T12:52:28","slug":"pompe-a-perfusion-baxter-spectrum-iq","status":"publish","type":"product","link":"https:\/\/medlinecapitalquote.ca\/fr\/products\/pompe-a-perfusion-baxter-spectrum-iq\/","title":{"rendered":"Pompe \u00e0 perfusion Baxter\u00ae Spectrum IQ"},"content":{"rendered":"<ul>\n<li>Technologie de code-barres avec des invites de balayage<\/li>\n<li>Invites \u00e0 l&rsquo;\u00e9cran, large \u00e9ventail de flux de travaux d&rsquo;autoprogrammation et mise \u00e0 jour automatique de la biblioth\u00e8que de m\u00e9dicaments<\/li>\n<li>Exp\u00e9rience standardis\u00e9e pour aider \u00e0 r\u00e9duire les erreurs humaines<\/li>\n<li>Id\u00e9ale pour les perfusions \u00e0 risque \u00e9lev\u00e9<\/li>\n<\/ul>\n","protected":false},"excerpt":{"rendered":"<p>Technologie de code-barres avec des invites de balayage Invites \u00e0  [&#8230;]<\/p>\n","protected":false},"author":3,"featured_media":1694,"template":"","product-categories":[452],"product-rooms":[198],"product-variations":[],"clients":[],"class_list":["post-1740","product","type-product","status-publish","has-post-thumbnail","hentry","product_cat-iv-pumps-and-fluid-warmers-fr","product_room-surgery-centre-operating-room-fr"],"acf":[],"_links":{"self":[{"href":"https:\/\/medlinecapitalquote.ca\/fr\/wp-json\/wp\/v2\/products\/1740","targetHints":{"allow":["GET"]}}],"collection":[{"href":"https:\/\/medlinecapitalquote.ca\/fr\/wp-json\/wp\/v2\/products"}],"about":[{"href":"https:\/\/medlinecapitalquote.ca\/fr\/wp-json\/wp\/v2\/types\/product"}],"author":[{"embeddable":true,"href":"https:\/\/medlinecapitalquote.ca\/fr\/wp-json\/wp\/v2\/users\/3"}],"wp:featuredmedia":[{"embeddable":true,"href":"https:\/\/medlinecapitalquote.ca\/fr\/wp-json\/wp\/v2\/media\/1694"}],"wp:attachment":[{"href":"https:\/\/medlinecapitalquote.ca\/fr\/wp-json\/wp\/v2\/media?parent=1740"}],"wp:term":[{"taxonomy":"product_cat","embeddable":true,"href":"https:\/\/medlinecapitalquote.ca\/fr\/wp-json\/wp\/v2\/product-categories?post=1740"},{"taxonomy":"product_room","embeddable":true,"href":"https:\/\/medlinecapitalquote.ca\/fr\/wp-json\/wp\/v2\/product-rooms?post=1740"},{"taxonomy":"product_variation","embeddable":true,"href":"https:\/\/medlinecapitalquote.ca\/fr\/wp-json\/wp\/v2\/product-variations?post=1740"},{"taxonomy":"client","embeddable":true,"href":"https:\/\/medlinecapitalquote.ca\/fr\/wp-json\/wp\/v2\/clients?post=1740"}],"curies":[{"name":"wp","href":"https:\/\/api.w.org\/{rel}","templated":true}]}}