{"id":1742,"date":"2025-12-26T18:12:33","date_gmt":"2025-12-26T18:12:33","guid":{"rendered":"https:\/\/medlinecapitalquote.ca\/products\/plateforme-de-batterie-sans-fil-baxter-pour-pompe-intraveineuse-spectrum-iq\/"},"modified":"2026-01-01T13:17:07","modified_gmt":"2026-01-01T13:17:07","slug":"plateforme-de-batterie-sans-fil-baxter-pour-pompe-intraveineuse-spectrum-iq","status":"publish","type":"product","link":"https:\/\/medlinecapitalquote.ca\/fr\/products\/plateforme-de-batterie-sans-fil-baxter-pour-pompe-intraveineuse-spectrum-iq\/","title":{"rendered":"Plateforme de batterie sans fil Baxter\u00ae pour pompe intraveineuse Spectrum IQ"},"content":{"rendered":"<ul>\n<li>Fonctionne avec une vari\u00e9t\u00e9 de pompes \u00e0 perfusion<\/li>\n<\/ul>\n","protected":false},"excerpt":{"rendered":"<p>Fonctionne avec une vari\u00e9t\u00e9 de pompes \u00e0 perfusion<\/p>\n","protected":false},"author":3,"featured_media":1705,"template":"","product-categories":[452],"product-rooms":[198],"product-variations":[],"clients":[],"class_list":["post-1742","product","type-product","status-publish","has-post-thumbnail","hentry","product_cat-iv-pumps-and-fluid-warmers-fr","product_room-surgery-centre-operating-room-fr"],"acf":[],"_links":{"self":[{"href":"https:\/\/medlinecapitalquote.ca\/fr\/wp-json\/wp\/v2\/products\/1742","targetHints":{"allow":["GET"]}}],"collection":[{"href":"https:\/\/medlinecapitalquote.ca\/fr\/wp-json\/wp\/v2\/products"}],"about":[{"href":"https:\/\/medlinecapitalquote.ca\/fr\/wp-json\/wp\/v2\/types\/product"}],"author":[{"embeddable":true,"href":"https:\/\/medlinecapitalquote.ca\/fr\/wp-json\/wp\/v2\/users\/3"}],"wp:featuredmedia":[{"embeddable":true,"href":"https:\/\/medlinecapitalquote.ca\/fr\/wp-json\/wp\/v2\/media\/1705"}],"wp:attachment":[{"href":"https:\/\/medlinecapitalquote.ca\/fr\/wp-json\/wp\/v2\/media?parent=1742"}],"wp:term":[{"taxonomy":"product_cat","embeddable":true,"href":"https:\/\/medlinecapitalquote.ca\/fr\/wp-json\/wp\/v2\/product-categories?post=1742"},{"taxonomy":"product_room","embeddable":true,"href":"https:\/\/medlinecapitalquote.ca\/fr\/wp-json\/wp\/v2\/product-rooms?post=1742"},{"taxonomy":"product_variation","embeddable":true,"href":"https:\/\/medlinecapitalquote.ca\/fr\/wp-json\/wp\/v2\/product-variations?post=1742"},{"taxonomy":"client","embeddable":true,"href":"https:\/\/medlinecapitalquote.ca\/fr\/wp-json\/wp\/v2\/clients?post=1742"}],"curies":[{"name":"wp","href":"https:\/\/api.w.org\/{rel}","templated":true}]}}