{"id":1747,"date":"2025-12-26T18:18:01","date_gmt":"2025-12-26T18:18:01","guid":{"rendered":"https:\/\/medlinecapitalquote.ca\/products\/dessus-en-tissu-sans-couture-pour-table-dexamen-ritter-204\/"},"modified":"2026-01-02T11:05:14","modified_gmt":"2026-01-02T11:05:14","slug":"dessus-en-tissu-sans-couture-pour-table-dexamen-ritter-204","status":"publish","type":"product","link":"https:\/\/medlinecapitalquote.ca\/fr\/products\/dessus-en-tissu-sans-couture-pour-table-dexamen-ritter-204\/","title":{"rendered":"Dessus en tissu sans couture pour table d\u2019examen Ritter\u00ae 204"},"content":{"rendered":"<ul>\n<li>Souple, confortable et con\u00e7u pour \u00e9liminer les zones o\u00f9 s\u2019accumulent la salet\u00e9 et les bact\u00e9ries, et faciliter le nettoyage<\/li>\n<li>Pour table d\u2019examen manuelle Ritter 204 (base vendue s\u00e9par\u00e9ment)<\/li>\n<li>Autres couleurs disponibles <\/li>\n<\/ul>\n","protected":false},"excerpt":{"rendered":"<p>Souple, confortable et con\u00e7u pour \u00e9liminer les zones o\u00f9 s\u2019accumulent  [&#8230;]<\/p>\n","protected":false},"author":3,"featured_media":1707,"template":"","product-categories":[447],"product-rooms":[74],"product-variations":[95,525],"clients":[],"class_list":["post-1747","product","type-product","status-publish","has-post-thumbnail","hentry","product_cat-exam-and-procedure-tables-fr","product_room-exam-room-fr","product_variation-colour-fr","product_variation-noir"],"acf":[],"_links":{"self":[{"href":"https:\/\/medlinecapitalquote.ca\/fr\/wp-json\/wp\/v2\/products\/1747","targetHints":{"allow":["GET"]}}],"collection":[{"href":"https:\/\/medlinecapitalquote.ca\/fr\/wp-json\/wp\/v2\/products"}],"about":[{"href":"https:\/\/medlinecapitalquote.ca\/fr\/wp-json\/wp\/v2\/types\/product"}],"author":[{"embeddable":true,"href":"https:\/\/medlinecapitalquote.ca\/fr\/wp-json\/wp\/v2\/users\/3"}],"wp:featuredmedia":[{"embeddable":true,"href":"https:\/\/medlinecapitalquote.ca\/fr\/wp-json\/wp\/v2\/media\/1707"}],"wp:attachment":[{"href":"https:\/\/medlinecapitalquote.ca\/fr\/wp-json\/wp\/v2\/media?parent=1747"}],"wp:term":[{"taxonomy":"product_cat","embeddable":true,"href":"https:\/\/medlinecapitalquote.ca\/fr\/wp-json\/wp\/v2\/product-categories?post=1747"},{"taxonomy":"product_room","embeddable":true,"href":"https:\/\/medlinecapitalquote.ca\/fr\/wp-json\/wp\/v2\/product-rooms?post=1747"},{"taxonomy":"product_variation","embeddable":true,"href":"https:\/\/medlinecapitalquote.ca\/fr\/wp-json\/wp\/v2\/product-variations?post=1747"},{"taxonomy":"client","embeddable":true,"href":"https:\/\/medlinecapitalquote.ca\/fr\/wp-json\/wp\/v2\/clients?post=1747"}],"curies":[{"name":"wp","href":"https:\/\/api.w.org\/{rel}","templated":true}]}}