{"id":1748,"date":"2025-12-26T18:21:09","date_gmt":"2025-12-26T18:21:09","guid":{"rendered":"https:\/\/medlinecapitalquote.ca\/products\/dessus-en-tissu-de-qualite-superieure-pour-tables-dexamen-midmark-646-et-647\/"},"modified":"2026-01-01T13:38:04","modified_gmt":"2026-01-01T13:38:04","slug":"dessus-en-tissu-de-qualite-superieure-pour-tables-dexamen-midmark-646-et-647","status":"publish","type":"product","link":"https:\/\/medlinecapitalquote.ca\/fr\/products\/dessus-en-tissu-de-qualite-superieure-pour-tables-dexamen-midmark-646-et-647\/","title":{"rendered":"Dessus en tissu de qualit\u00e9 sup\u00e9rieure pour tables d\u2019examen Midmark\u00ae 646 et 647"},"content":{"rendered":"<ul>\n<li>Commandes tactiles pratiques de chaque c\u00f4t\u00e9 de la section des pieds qui aident \u00e0 r\u00e9duire les bris co\u00fbteux de la commande manuelle<\/li>\n<li>Base motoris\u00e9e avec dossier et si\u00e8ge ajustables pour faciliter le positionnement<\/li>\n<li>Rails recouverts et commandes \u00e0 p\u00e9dale herm\u00e9tique pour prot\u00e9ger les composants internes de la poussi\u00e8re et des d\u00e9bris, ce qui facilite le nettoyage et aide \u00e0 assurer une plus longue dur\u00e9e de vie <\/li>\n<li>Autres couleurs disponibles  <\/li>\n<\/ul>\n","protected":false},"excerpt":{"rendered":"<p>Commandes tactiles pratiques de chaque c\u00f4t\u00e9 de la section des  [&#8230;]<\/p>\n","protected":false},"author":3,"featured_media":1709,"template":"","product-categories":[447],"product-rooms":[74],"product-variations":[95,538],"clients":[],"class_list":["post-1748","product","type-product","status-publish","has-post-thumbnail","hentry","product_cat-exam-and-procedure-tables-fr","product_room-exam-room-fr","product_variation-colour-fr","product_variation-obsidian-noire"],"acf":[],"_links":{"self":[{"href":"https:\/\/medlinecapitalquote.ca\/fr\/wp-json\/wp\/v2\/products\/1748","targetHints":{"allow":["GET"]}}],"collection":[{"href":"https:\/\/medlinecapitalquote.ca\/fr\/wp-json\/wp\/v2\/products"}],"about":[{"href":"https:\/\/medlinecapitalquote.ca\/fr\/wp-json\/wp\/v2\/types\/product"}],"author":[{"embeddable":true,"href":"https:\/\/medlinecapitalquote.ca\/fr\/wp-json\/wp\/v2\/users\/3"}],"wp:featuredmedia":[{"embeddable":true,"href":"https:\/\/medlinecapitalquote.ca\/fr\/wp-json\/wp\/v2\/media\/1709"}],"wp:attachment":[{"href":"https:\/\/medlinecapitalquote.ca\/fr\/wp-json\/wp\/v2\/media?parent=1748"}],"wp:term":[{"taxonomy":"product_cat","embeddable":true,"href":"https:\/\/medlinecapitalquote.ca\/fr\/wp-json\/wp\/v2\/product-categories?post=1748"},{"taxonomy":"product_room","embeddable":true,"href":"https:\/\/medlinecapitalquote.ca\/fr\/wp-json\/wp\/v2\/product-rooms?post=1748"},{"taxonomy":"product_variation","embeddable":true,"href":"https:\/\/medlinecapitalquote.ca\/fr\/wp-json\/wp\/v2\/product-variations?post=1748"},{"taxonomy":"client","embeddable":true,"href":"https:\/\/medlinecapitalquote.ca\/fr\/wp-json\/wp\/v2\/clients?post=1748"}],"curies":[{"name":"wp","href":"https:\/\/api.w.org\/{rel}","templated":true}]}}