{"id":1751,"date":"2025-12-29T08:55:52","date_gmt":"2025-12-29T08:55:52","guid":{"rendered":"https:\/\/medlinecapitalquote.ca\/products\/sonde-interchangeable-resistante-a-leau-sonotrax\/"},"modified":"2026-01-01T13:52:58","modified_gmt":"2026-01-01T13:52:58","slug":"sonde-interchangeable-resistante-a-leau-sonotrax","status":"publish","type":"product","link":"https:\/\/medlinecapitalquote.ca\/fr\/products\/sonde-interchangeable-resistante-a-leau-sonotrax\/","title":{"rendered":"Sonde interchangeable r\u00e9sistante \u00e0 l&rsquo;eau SonoTrax"},"content":{"rendered":"<ul>\n<li>Rempla\u00e7able<\/li>\n<li>R\u00e9sistante \u00e0 l&rsquo;eau<\/li>\n<\/ul>\n","protected":false},"excerpt":{"rendered":"<p>Rempla\u00e7able R\u00e9sistante \u00e0 l&rsquo;eau<\/p>\n","protected":false},"author":3,"featured_media":671,"template":"","product-categories":[72],"product-rooms":[74],"product-variations":[539,540,541,92],"clients":[],"class_list":["post-1751","product","type-product","status-publish","has-post-thumbnail","hentry","product_cat-ultrasound-and-dopplers-fr","product_room-exam-room-fr","product_variation-2-mhz-fr","product_variation-4-mhz-fr","product_variation-8-mhz-fr","product_variation-configuration-fr"],"acf":[],"_links":{"self":[{"href":"https:\/\/medlinecapitalquote.ca\/fr\/wp-json\/wp\/v2\/products\/1751","targetHints":{"allow":["GET"]}}],"collection":[{"href":"https:\/\/medlinecapitalquote.ca\/fr\/wp-json\/wp\/v2\/products"}],"about":[{"href":"https:\/\/medlinecapitalquote.ca\/fr\/wp-json\/wp\/v2\/types\/product"}],"author":[{"embeddable":true,"href":"https:\/\/medlinecapitalquote.ca\/fr\/wp-json\/wp\/v2\/users\/3"}],"wp:featuredmedia":[{"embeddable":true,"href":"https:\/\/medlinecapitalquote.ca\/fr\/wp-json\/wp\/v2\/media\/671"}],"wp:attachment":[{"href":"https:\/\/medlinecapitalquote.ca\/fr\/wp-json\/wp\/v2\/media?parent=1751"}],"wp:term":[{"taxonomy":"product_cat","embeddable":true,"href":"https:\/\/medlinecapitalquote.ca\/fr\/wp-json\/wp\/v2\/product-categories?post=1751"},{"taxonomy":"product_room","embeddable":true,"href":"https:\/\/medlinecapitalquote.ca\/fr\/wp-json\/wp\/v2\/product-rooms?post=1751"},{"taxonomy":"product_variation","embeddable":true,"href":"https:\/\/medlinecapitalquote.ca\/fr\/wp-json\/wp\/v2\/product-variations?post=1751"},{"taxonomy":"client","embeddable":true,"href":"https:\/\/medlinecapitalquote.ca\/fr\/wp-json\/wp\/v2\/clients?post=1751"}],"curies":[{"name":"wp","href":"https:\/\/api.w.org\/{rel}","templated":true}]}}