{"id":1758,"date":"2025-12-29T09:20:26","date_gmt":"2025-12-29T09:20:26","guid":{"rendered":"https:\/\/medlinecapitalquote.ca\/products\/oxymetre-de-pouls-portatif-edan-avec-capteur-au-doigt-pour-adultes\/"},"modified":"2026-01-29T10:28:18","modified_gmt":"2026-01-29T10:28:18","slug":"oxymetre-de-pouls-portatif-edan-avec-capteur-au-doigt-pour-adultes","status":"publish","type":"product","link":"https:\/\/medlinecapitalquote.ca\/fr\/products\/oxymetre-de-pouls-portatif-edan-avec-capteur-au-doigt-pour-adultes\/","title":{"rendered":"Oxym\u00e8tre de pouls portatif Edan\u00ae avec capteur au doigt pour adultes"},"content":{"rendered":"<ul>\n<li>Mesure la SpO2 et le pouls<\/li>\n<li>L&rsquo;\u00e9cran LCD affiche simultan\u00e9ment la forme num\u00e9rique et la forme d&rsquo;onde de la SpO2<\/li>\n<li>Capacit\u00e9 de stockage jusqu&rsquo;\u00e0 100 identifiants et 300 heures de stockage de donn\u00e9es pour un suivi continu<\/li>\n<li>L&rsquo;\u00e9cran affiche le graphique de tendance des 10 derni\u00e8res minutes et le tableau de la SpO2 et du pouls<\/li>\n<li>Autonomie de 48 heures avec 4 batteries AA<\/li>\n<li>Les donn\u00e9es peuvent \u00eatre transf\u00e9r\u00e9es vers un ordinateur personnel pour \u00eatre stock\u00e9es, examin\u00e9es et imprim\u00e9es<\/li>\n<li>Comprend une housse de transport et un capteur DB9 standard r\u00e9utilisable pour adultes<\/li>\n<\/ul>\n","protected":false},"excerpt":{"rendered":"<p>Mesure la SpO2 et le pouls L&rsquo;\u00e9cran LCD affiche simultan\u00e9ment  [&#8230;]<\/p>\n","protected":false},"author":3,"featured_media":715,"template":"","product-categories":[458,72],"product-rooms":[74],"product-variations":[545,92],"clients":[],"class_list":["post-1758","product","type-product","status-publish","has-post-thumbnail","hentry","product_cat-other-diagnostic-fr","product_cat-ultrasound-and-dopplers-fr","product_room-exam-room-fr","product_variation-avec-la-technologie-nellcolor","product_variation-configuration-fr"],"acf":[],"_links":{"self":[{"href":"https:\/\/medlinecapitalquote.ca\/fr\/wp-json\/wp\/v2\/products\/1758","targetHints":{"allow":["GET"]}}],"collection":[{"href":"https:\/\/medlinecapitalquote.ca\/fr\/wp-json\/wp\/v2\/products"}],"about":[{"href":"https:\/\/medlinecapitalquote.ca\/fr\/wp-json\/wp\/v2\/types\/product"}],"author":[{"embeddable":true,"href":"https:\/\/medlinecapitalquote.ca\/fr\/wp-json\/wp\/v2\/users\/3"}],"wp:featuredmedia":[{"embeddable":true,"href":"https:\/\/medlinecapitalquote.ca\/fr\/wp-json\/wp\/v2\/media\/715"}],"wp:attachment":[{"href":"https:\/\/medlinecapitalquote.ca\/fr\/wp-json\/wp\/v2\/media?parent=1758"}],"wp:term":[{"taxonomy":"product_cat","embeddable":true,"href":"https:\/\/medlinecapitalquote.ca\/fr\/wp-json\/wp\/v2\/product-categories?post=1758"},{"taxonomy":"product_room","embeddable":true,"href":"https:\/\/medlinecapitalquote.ca\/fr\/wp-json\/wp\/v2\/product-rooms?post=1758"},{"taxonomy":"product_variation","embeddable":true,"href":"https:\/\/medlinecapitalquote.ca\/fr\/wp-json\/wp\/v2\/product-variations?post=1758"},{"taxonomy":"client","embeddable":true,"href":"https:\/\/medlinecapitalquote.ca\/fr\/wp-json\/wp\/v2\/clients?post=1758"}],"curies":[{"name":"wp","href":"https:\/\/api.w.org\/{rel}","templated":true}]}}