{"id":1760,"date":"2025-12-29T09:22:59","date_gmt":"2025-12-29T09:22:59","guid":{"rendered":"https:\/\/medlinecapitalquote.ca\/products\/oxymetre-de-pouls-a-configuration-standard-edan\/"},"modified":"2026-01-01T14:26:00","modified_gmt":"2026-01-01T14:26:00","slug":"oxymetre-de-pouls-a-configuration-standard-edan","status":"publish","type":"product","link":"https:\/\/medlinecapitalquote.ca\/fr\/products\/oxymetre-de-pouls-a-configuration-standard-edan\/","title":{"rendered":"Oxym\u00e8tre de pouls \u00e0 configuration standard Edan\u00ae"},"content":{"rendered":"<ul>\n<li>Mesure de la SpO2 et du rythme cardiaque<\/li>\n<li>Grande capacit\u00e9 de m\u00e9moire de jusqu&rsquo;\u00e0 100 patients et jusqu&rsquo;\u00e0 300 heures, pour une surveillance continue<\/li>\n<li>Alarme audible et visible<\/li>\n<li>L&rsquo;unit\u00e9 comprend un \u00e9tui de transport<\/li>\n<\/ul>\n","protected":false},"excerpt":{"rendered":"<p>Mesure de la SpO2 et du rythme cardiaque Grande capacit\u00e9  [&#8230;]<\/p>\n","protected":false},"author":3,"featured_media":720,"template":"","product-categories":[458],"product-rooms":[74],"product-variations":[544,92],"clients":[],"class_list":["post-1760","product","type-product","status-publish","has-post-thumbnail","hentry","product_cat-other-diagnostic-fr","product_room-exam-room-fr","product_variation-avec-capteur-spo2-pediatrique-nourrisson-et-adulte","product_variation-configuration-fr"],"acf":[],"_links":{"self":[{"href":"https:\/\/medlinecapitalquote.ca\/fr\/wp-json\/wp\/v2\/products\/1760","targetHints":{"allow":["GET"]}}],"collection":[{"href":"https:\/\/medlinecapitalquote.ca\/fr\/wp-json\/wp\/v2\/products"}],"about":[{"href":"https:\/\/medlinecapitalquote.ca\/fr\/wp-json\/wp\/v2\/types\/product"}],"author":[{"embeddable":true,"href":"https:\/\/medlinecapitalquote.ca\/fr\/wp-json\/wp\/v2\/users\/3"}],"wp:featuredmedia":[{"embeddable":true,"href":"https:\/\/medlinecapitalquote.ca\/fr\/wp-json\/wp\/v2\/media\/720"}],"wp:attachment":[{"href":"https:\/\/medlinecapitalquote.ca\/fr\/wp-json\/wp\/v2\/media?parent=1760"}],"wp:term":[{"taxonomy":"product_cat","embeddable":true,"href":"https:\/\/medlinecapitalquote.ca\/fr\/wp-json\/wp\/v2\/product-categories?post=1760"},{"taxonomy":"product_room","embeddable":true,"href":"https:\/\/medlinecapitalquote.ca\/fr\/wp-json\/wp\/v2\/product-rooms?post=1760"},{"taxonomy":"product_variation","embeddable":true,"href":"https:\/\/medlinecapitalquote.ca\/fr\/wp-json\/wp\/v2\/product-variations?post=1760"},{"taxonomy":"client","embeddable":true,"href":"https:\/\/medlinecapitalquote.ca\/fr\/wp-json\/wp\/v2\/clients?post=1760"}],"curies":[{"name":"wp","href":"https:\/\/api.w.org\/{rel}","templated":true}]}}