{"id":1765,"date":"2025-12-29T07:28:41","date_gmt":"2025-12-29T07:28:41","guid":{"rendered":"https:\/\/medlinecapitalquote.ca\/products\/fauteuil-electrique-esthetique-silhouet-tone-elite-platinum\/"},"modified":"2026-01-02T06:23:46","modified_gmt":"2026-01-02T06:23:46","slug":"fauteuil-electrique-esthetique-silhouet-tone-elite-platinum","status":"publish","type":"product","link":"https:\/\/medlinecapitalquote.ca\/fr\/products\/fauteuil-electrique-esthetique-silhouet-tone-elite-platinum\/","title":{"rendered":"Fauteuil \u00e9lectrique esth\u00e9tique Silhouet-Tone Elite Platinum"},"content":{"rendered":"<ul>\n<li>4\u00a0moteurs \u00e9lectriques silencieux (dossier, si\u00e8ge, hauteur, section des jambes)<\/li>\n<li>Chaise inclinable motoris\u00e9e (45\u00b0)<\/li>\n<li>Dossier et repose-pieds ajustables \u00e0 80\u00b0<\/li>\n<li>Appui-t\u00eate ajustable de 40,5\u00a0cm (16\u00a0po) de large, multipositions<\/li>\n<li>Coussinets ergonomiques et accoudoirs pivotants multipositions<\/li>\n<li>Soutien lombaire int\u00e9gr\u00e9<\/li>\n<li>T\u00e9l\u00e9commande sans fil Bluetooth pour positionnement facile et pr\u00e9cis<\/li>\n<li>Autres couleurs disponibles<\/li>\n<\/ul>\n","protected":false},"excerpt":{"rendered":"<p>4\u00a0moteurs \u00e9lectriques silencieux (dossier, si\u00e8ge, hauteur, section des jambes) Chaise  [&#8230;]<\/p>\n","protected":false},"author":4,"featured_media":974,"template":"","product-categories":[447],"product-rooms":[74],"product-variations":[580,92],"clients":[],"class_list":["post-1765","product","type-product","status-publish","has-post-thumbnail","hentry","product_cat-exam-and-procedure-tables-fr","product_room-exam-room-fr","product_variation-blanc-brume","product_variation-configuration-fr"],"acf":[],"_links":{"self":[{"href":"https:\/\/medlinecapitalquote.ca\/fr\/wp-json\/wp\/v2\/products\/1765","targetHints":{"allow":["GET"]}}],"collection":[{"href":"https:\/\/medlinecapitalquote.ca\/fr\/wp-json\/wp\/v2\/products"}],"about":[{"href":"https:\/\/medlinecapitalquote.ca\/fr\/wp-json\/wp\/v2\/types\/product"}],"author":[{"embeddable":true,"href":"https:\/\/medlinecapitalquote.ca\/fr\/wp-json\/wp\/v2\/users\/4"}],"wp:featuredmedia":[{"embeddable":true,"href":"https:\/\/medlinecapitalquote.ca\/fr\/wp-json\/wp\/v2\/media\/974"}],"wp:attachment":[{"href":"https:\/\/medlinecapitalquote.ca\/fr\/wp-json\/wp\/v2\/media?parent=1765"}],"wp:term":[{"taxonomy":"product_cat","embeddable":true,"href":"https:\/\/medlinecapitalquote.ca\/fr\/wp-json\/wp\/v2\/product-categories?post=1765"},{"taxonomy":"product_room","embeddable":true,"href":"https:\/\/medlinecapitalquote.ca\/fr\/wp-json\/wp\/v2\/product-rooms?post=1765"},{"taxonomy":"product_variation","embeddable":true,"href":"https:\/\/medlinecapitalquote.ca\/fr\/wp-json\/wp\/v2\/product-variations?post=1765"},{"taxonomy":"client","embeddable":true,"href":"https:\/\/medlinecapitalquote.ca\/fr\/wp-json\/wp\/v2\/clients?post=1765"}],"curies":[{"name":"wp","href":"https:\/\/api.w.org\/{rel}","templated":true}]}}