{"id":1771,"date":"2025-12-29T06:52:58","date_gmt":"2025-12-29T06:52:58","guid":{"rendered":"https:\/\/medlinecapitalquote.ca\/products\/pedale-silhouet-tone-pour-elite-platinum\/"},"modified":"2026-01-09T12:01:59","modified_gmt":"2026-01-09T12:01:59","slug":"pedale-silhouet-tone-pour-elite-platinum","status":"publish","type":"product","link":"https:\/\/medlinecapitalquote.ca\/fr\/products\/pedale-silhouet-tone-pour-elite-platinum\/","title":{"rendered":"P\u00e9dale Silhouet-Tone pour Elite Platinum"},"content":{"rendered":"<ul>\n<li>Commande \u00e0 p\u00e9dale Bluetooth avec fonctionnalit\u00e9 sans fil et m\u00e9moire programmable pour les lits de spa<\/li>\n<\/ul>\n","protected":false},"excerpt":{"rendered":"<p>Commande \u00e0 p\u00e9dale Bluetooth avec fonctionnalit\u00e9 sans fil et m\u00e9moire  [&#8230;]<\/p>\n","protected":false},"author":4,"featured_media":2161,"template":"","product-categories":[447],"product-rooms":[74],"product-variations":[],"clients":[],"class_list":["post-1771","product","type-product","status-publish","has-post-thumbnail","hentry","product_cat-exam-and-procedure-tables-fr","product_room-exam-room-fr"],"acf":[],"_links":{"self":[{"href":"https:\/\/medlinecapitalquote.ca\/fr\/wp-json\/wp\/v2\/products\/1771","targetHints":{"allow":["GET"]}}],"collection":[{"href":"https:\/\/medlinecapitalquote.ca\/fr\/wp-json\/wp\/v2\/products"}],"about":[{"href":"https:\/\/medlinecapitalquote.ca\/fr\/wp-json\/wp\/v2\/types\/product"}],"author":[{"embeddable":true,"href":"https:\/\/medlinecapitalquote.ca\/fr\/wp-json\/wp\/v2\/users\/4"}],"wp:featuredmedia":[{"embeddable":true,"href":"https:\/\/medlinecapitalquote.ca\/fr\/wp-json\/wp\/v2\/media\/2161"}],"wp:attachment":[{"href":"https:\/\/medlinecapitalquote.ca\/fr\/wp-json\/wp\/v2\/media?parent=1771"}],"wp:term":[{"taxonomy":"product_cat","embeddable":true,"href":"https:\/\/medlinecapitalquote.ca\/fr\/wp-json\/wp\/v2\/product-categories?post=1771"},{"taxonomy":"product_room","embeddable":true,"href":"https:\/\/medlinecapitalquote.ca\/fr\/wp-json\/wp\/v2\/product-rooms?post=1771"},{"taxonomy":"product_variation","embeddable":true,"href":"https:\/\/medlinecapitalquote.ca\/fr\/wp-json\/wp\/v2\/product-variations?post=1771"},{"taxonomy":"client","embeddable":true,"href":"https:\/\/medlinecapitalquote.ca\/fr\/wp-json\/wp\/v2\/clients?post=1771"}],"curies":[{"name":"wp","href":"https:\/\/api.w.org\/{rel}","templated":true}]}}