{"id":1774,"date":"2025-12-29T12:57:28","date_gmt":"2025-12-29T12:57:28","guid":{"rendered":"https:\/\/medlinecapitalquote.ca\/products\/bacs-basculants-pour-fournitures-deflecto\/"},"modified":"2026-01-02T06:50:03","modified_gmt":"2026-01-02T06:50:03","slug":"bacs-basculants-pour-fournitures-deflecto","status":"publish","type":"product","link":"https:\/\/medlinecapitalquote.ca\/fr\/products\/bacs-basculants-pour-fournitures-deflecto\/","title":{"rendered":"Bacs basculants pour fournitures Deflecto"},"content":{"rendered":"<ul>\n<li>Basculent pour faciliter l&rsquo;acc\u00e8s aux produits \u00e0 l&rsquo;int\u00e9rieur<\/li>\n<li>Peuvent \u00eatre fix\u00e9s au mur ou utilis\u00e9s sur un bureau\/armoire<\/li>\n<\/ul>\n","protected":false},"excerpt":{"rendered":"<p>Basculent pour faciliter l&rsquo;acc\u00e8s aux produits \u00e0 l&rsquo;int\u00e9rieur Peuvent \u00eatre  [&#8230;]<\/p>\n","protected":false},"author":3,"featured_media":866,"template":"","product-categories":[432],"product-rooms":[74],"product-variations":[572,92],"clients":[],"class_list":["post-1774","product","type-product","status-publish","has-post-thumbnail","hentry","product_cat-dispensers-organizers-and-supports-fr","product_room-exam-room-fr","product_variation-4-poubelles-noir","product_variation-configuration-fr"],"acf":[],"_links":{"self":[{"href":"https:\/\/medlinecapitalquote.ca\/fr\/wp-json\/wp\/v2\/products\/1774","targetHints":{"allow":["GET"]}}],"collection":[{"href":"https:\/\/medlinecapitalquote.ca\/fr\/wp-json\/wp\/v2\/products"}],"about":[{"href":"https:\/\/medlinecapitalquote.ca\/fr\/wp-json\/wp\/v2\/types\/product"}],"author":[{"embeddable":true,"href":"https:\/\/medlinecapitalquote.ca\/fr\/wp-json\/wp\/v2\/users\/3"}],"wp:featuredmedia":[{"embeddable":true,"href":"https:\/\/medlinecapitalquote.ca\/fr\/wp-json\/wp\/v2\/media\/866"}],"wp:attachment":[{"href":"https:\/\/medlinecapitalquote.ca\/fr\/wp-json\/wp\/v2\/media?parent=1774"}],"wp:term":[{"taxonomy":"product_cat","embeddable":true,"href":"https:\/\/medlinecapitalquote.ca\/fr\/wp-json\/wp\/v2\/product-categories?post=1774"},{"taxonomy":"product_room","embeddable":true,"href":"https:\/\/medlinecapitalquote.ca\/fr\/wp-json\/wp\/v2\/product-rooms?post=1774"},{"taxonomy":"product_variation","embeddable":true,"href":"https:\/\/medlinecapitalquote.ca\/fr\/wp-json\/wp\/v2\/product-variations?post=1774"},{"taxonomy":"client","embeddable":true,"href":"https:\/\/medlinecapitalquote.ca\/fr\/wp-json\/wp\/v2\/clients?post=1774"}],"curies":[{"name":"wp","href":"https:\/\/api.w.org\/{rel}","templated":true}]}}