{"id":1777,"date":"2025-12-29T06:55:51","date_gmt":"2025-12-29T06:55:51","guid":{"rendered":"https:\/\/medlinecapitalquote.ca\/products\/chariot-de-soins-avec-4-tiroirs\/"},"modified":"2026-01-09T12:01:36","modified_gmt":"2026-01-09T12:01:36","slug":"chariot-de-soins-avec-4-tiroirs","status":"publish","type":"product","link":"https:\/\/medlinecapitalquote.ca\/fr\/products\/chariot-de-soins-avec-4-tiroirs\/","title":{"rendered":"Chariot de soins avec 4 tiroirs"},"content":{"rendered":"<ul>\n<li>Construction en acier<\/li>\n<li>Roulettes \u00e0 roulement facile<\/li>\n<li>Glissi\u00e8res de tiroir \u00e0 roulement \u00e0 billes \u00e0 fermeture automatique<\/li>\n<li>Tablette de travail coulissante<\/li>\n<li>Serrure \u00e0 cl\u00e9 ou \u00e0 levier incluse; des am\u00e9liorations de la serrure et des accessoires suppl\u00e9mentaires sont disponibles<\/li>\n<\/ul>\n","protected":false},"excerpt":{"rendered":"<p>Construction en acier Roulettes \u00e0 roulement facile Glissi\u00e8res de tiroir  [&#8230;]<\/p>\n","protected":false},"author":4,"featured_media":2161,"template":"","product-categories":[437],"product-rooms":[198,74],"product-variations":[582,583,92],"clients":[],"class_list":["post-1777","product","type-product","status-publish","has-post-thumbnail","hentry","product_cat-carts-fr","product_room-surgery-centre-operating-room-fr","product_room-exam-room-fr","product_variation-h-39-po-9906-cm-gris","product_variation-h-45-po-1143-cm-gris","product_variation-configuration-fr"],"acf":[],"_links":{"self":[{"href":"https:\/\/medlinecapitalquote.ca\/fr\/wp-json\/wp\/v2\/products\/1777","targetHints":{"allow":["GET"]}}],"collection":[{"href":"https:\/\/medlinecapitalquote.ca\/fr\/wp-json\/wp\/v2\/products"}],"about":[{"href":"https:\/\/medlinecapitalquote.ca\/fr\/wp-json\/wp\/v2\/types\/product"}],"author":[{"embeddable":true,"href":"https:\/\/medlinecapitalquote.ca\/fr\/wp-json\/wp\/v2\/users\/4"}],"wp:featuredmedia":[{"embeddable":true,"href":"https:\/\/medlinecapitalquote.ca\/fr\/wp-json\/wp\/v2\/media\/2161"}],"wp:attachment":[{"href":"https:\/\/medlinecapitalquote.ca\/fr\/wp-json\/wp\/v2\/media?parent=1777"}],"wp:term":[{"taxonomy":"product_cat","embeddable":true,"href":"https:\/\/medlinecapitalquote.ca\/fr\/wp-json\/wp\/v2\/product-categories?post=1777"},{"taxonomy":"product_room","embeddable":true,"href":"https:\/\/medlinecapitalquote.ca\/fr\/wp-json\/wp\/v2\/product-rooms?post=1777"},{"taxonomy":"product_variation","embeddable":true,"href":"https:\/\/medlinecapitalquote.ca\/fr\/wp-json\/wp\/v2\/product-variations?post=1777"},{"taxonomy":"client","embeddable":true,"href":"https:\/\/medlinecapitalquote.ca\/fr\/wp-json\/wp\/v2\/clients?post=1777"}],"curies":[{"name":"wp","href":"https:\/\/api.w.org\/{rel}","templated":true}]}}