{"id":1781,"date":"2025-12-29T07:44:54","date_gmt":"2025-12-29T07:44:54","guid":{"rendered":"https:\/\/medlinecapitalquote.ca\/products\/oxymetre-de-pouls-au-doigt-monobloc-medline\/"},"modified":"2026-01-02T07:24:39","modified_gmt":"2026-01-02T07:24:39","slug":"oxymetre-de-pouls-au-doigt-monobloc-medline","status":"publish","type":"product","link":"https:\/\/medlinecapitalquote.ca\/fr\/products\/oxymetre-de-pouls-au-doigt-monobloc-medline\/","title":{"rendered":"Oxym\u00e8tre de pouls au doigt monobloc Medline"},"content":{"rendered":"<ul>\n<li>\u00c9cran OLED num\u00e9rique lumineux avec tailles d&rsquo;affichage r\u00e9glables et pl\u00e9thysmographe<\/li>\n<li>Affiche la SpO2, la fr\u00e9quence du pouls et la barre de pouls<\/li>\n<li>\u00c9cran multidirectionnel avec 6 modes de visualisation<\/li>\n<li>Fournit automatiquement une lecture pr\u00e9cise dans les 6 secondes suivant l&rsquo;insertion du doigt<\/li>\n<li>Petit et l\u00e9ger<\/li>\n<li>Motif de grenouille qui fait sourire les enfants et rembourrage doux pour assurer le confort du patient<\/li>\n<li>Inclut des batteries AAA, une lani\u00e8re et une garantie<\/li>\n<li>Prescription uniquement<\/li>\n<\/ul>\n","protected":false},"excerpt":{"rendered":"<p>\u00c9cran OLED num\u00e9rique lumineux avec tailles d&rsquo;affichage r\u00e9glables et pl\u00e9thysmographe  [&#8230;]<\/p>\n","protected":false},"author":4,"featured_media":1210,"template":"","product-categories":[73],"product-rooms":[74],"product-variations":[984,983,92],"clients":[],"class_list":["post-1781","product","type-product","status-publish","has-post-thumbnail","hentry","product_cat-diagnostic-fr","product_room-exam-room-fr","product_variation-adulte-configuration-fr","product_variation-pediatrique-configuration-fr","product_variation-configuration-fr"],"acf":[],"_links":{"self":[{"href":"https:\/\/medlinecapitalquote.ca\/fr\/wp-json\/wp\/v2\/products\/1781","targetHints":{"allow":["GET"]}}],"collection":[{"href":"https:\/\/medlinecapitalquote.ca\/fr\/wp-json\/wp\/v2\/products"}],"about":[{"href":"https:\/\/medlinecapitalquote.ca\/fr\/wp-json\/wp\/v2\/types\/product"}],"author":[{"embeddable":true,"href":"https:\/\/medlinecapitalquote.ca\/fr\/wp-json\/wp\/v2\/users\/4"}],"wp:featuredmedia":[{"embeddable":true,"href":"https:\/\/medlinecapitalquote.ca\/fr\/wp-json\/wp\/v2\/media\/1210"}],"wp:attachment":[{"href":"https:\/\/medlinecapitalquote.ca\/fr\/wp-json\/wp\/v2\/media?parent=1781"}],"wp:term":[{"taxonomy":"product_cat","embeddable":true,"href":"https:\/\/medlinecapitalquote.ca\/fr\/wp-json\/wp\/v2\/product-categories?post=1781"},{"taxonomy":"product_room","embeddable":true,"href":"https:\/\/medlinecapitalquote.ca\/fr\/wp-json\/wp\/v2\/product-rooms?post=1781"},{"taxonomy":"product_variation","embeddable":true,"href":"https:\/\/medlinecapitalquote.ca\/fr\/wp-json\/wp\/v2\/product-variations?post=1781"},{"taxonomy":"client","embeddable":true,"href":"https:\/\/medlinecapitalquote.ca\/fr\/wp-json\/wp\/v2\/clients?post=1781"}],"curies":[{"name":"wp","href":"https:\/\/api.w.org\/{rel}","templated":true}]}}