{"id":1782,"date":"2025-12-29T07:46:58","date_gmt":"2025-12-29T07:46:58","guid":{"rendered":"https:\/\/medlinecapitalquote.ca\/products\/plateau-degouttage-pour-distributeur-spectrum\/"},"modified":"2026-03-13T08:08:23","modified_gmt":"2026-03-13T08:08:23","slug":"plateau-degouttage-pour-distributeur-spectrum","status":"publish","type":"product","link":"https:\/\/medlinecapitalquote.ca\/fr\/products\/plateau-degouttage-pour-distributeur-spectrum\/","title":{"rendered":"Plateau d&rsquo;\u00e9gouttage pour distributeur Spectrum\u00ae"},"content":{"rendered":"<ul>\n<li>Con\u00e7u pour contenir les gouttes, prot\u00e9ger vos sols et \u00e9viter les glissades et les chutes<\/li>\n<li>Compatible avec tous les distributeurs Spectrum (AUTODISPW, AUTODISPB, MANDISPW, MANDISPB)<\/li>\n<\/ul>\n","protected":false},"excerpt":{"rendered":"<p>Con\u00e7u pour contenir les gouttes, prot\u00e9ger vos sols et \u00e9viter  [&#8230;]<\/p>\n","protected":false},"author":4,"featured_media":1215,"template":"","product-categories":[466],"product-rooms":[74,1116],"product-variations":[524,95,525],"clients":[],"class_list":["post-1782","product","type-product","status-publish","has-post-thumbnail","hentry","product_cat-soap-and-sanitizer-dispensers-fr","product_room-exam-room-fr","product_room-sterilization-room-fr","product_variation-blanc","product_variation-colour-fr","product_variation-noir"],"acf":[],"_links":{"self":[{"href":"https:\/\/medlinecapitalquote.ca\/fr\/wp-json\/wp\/v2\/products\/1782","targetHints":{"allow":["GET"]}}],"collection":[{"href":"https:\/\/medlinecapitalquote.ca\/fr\/wp-json\/wp\/v2\/products"}],"about":[{"href":"https:\/\/medlinecapitalquote.ca\/fr\/wp-json\/wp\/v2\/types\/product"}],"author":[{"embeddable":true,"href":"https:\/\/medlinecapitalquote.ca\/fr\/wp-json\/wp\/v2\/users\/4"}],"wp:featuredmedia":[{"embeddable":true,"href":"https:\/\/medlinecapitalquote.ca\/fr\/wp-json\/wp\/v2\/media\/1215"}],"wp:attachment":[{"href":"https:\/\/medlinecapitalquote.ca\/fr\/wp-json\/wp\/v2\/media?parent=1782"}],"wp:term":[{"taxonomy":"product_cat","embeddable":true,"href":"https:\/\/medlinecapitalquote.ca\/fr\/wp-json\/wp\/v2\/product-categories?post=1782"},{"taxonomy":"product_room","embeddable":true,"href":"https:\/\/medlinecapitalquote.ca\/fr\/wp-json\/wp\/v2\/product-rooms?post=1782"},{"taxonomy":"product_variation","embeddable":true,"href":"https:\/\/medlinecapitalquote.ca\/fr\/wp-json\/wp\/v2\/product-variations?post=1782"},{"taxonomy":"client","embeddable":true,"href":"https:\/\/medlinecapitalquote.ca\/fr\/wp-json\/wp\/v2\/clients?post=1782"}],"curies":[{"name":"wp","href":"https:\/\/api.w.org\/{rel}","templated":true}]}}