{"id":1786,"date":"2025-12-29T09:48:29","date_gmt":"2025-12-29T09:48:29","guid":{"rendered":"https:\/\/medlinecapitalquote.ca\/products\/dispositif-daspiration-portable-devilbiss\/"},"modified":"2026-01-07T15:37:30","modified_gmt":"2026-01-07T15:37:30","slug":"dispositif-daspiration-portable-devilbiss","status":"publish","type":"product","link":"https:\/\/medlinecapitalquote.ca\/fr\/products\/dispositif-daspiration-portable-devilbiss\/","title":{"rendered":"Dispositif d&rsquo;aspiration portable DeVilbiss\u00ae"},"content":{"rendered":"<ul>\n<li>R\u00e9glage du vide permettant une plage de 80 \u00e0 550 mmHg et un d\u00e9bit libre de 27 LPM<\/li>\n<li>Con\u00e7u pour un fonctionnement fiable et portable<\/li>\n<li>Comprend un filtre bact\u00e9rien int\u00e9gr\u00e9 et un arr\u00eat automatique du flotteur pour \u00e9viter tout d\u00e9bordement dans l&rsquo;unit\u00e9<\/li>\n<\/ul>\n","protected":false},"excerpt":{"rendered":"<p>R\u00e9glage du vide permettant une plage de 80 \u00e0 550  [&#8230;]<\/p>\n","protected":false},"author":5,"featured_media":1189,"template":"","product-categories":[471],"product-rooms":[198],"product-variations":[],"clients":[],"class_list":["post-1786","product","type-product","status-publish","has-post-thumbnail","hentry","product_cat-suction-equipment-fr","product_room-surgery-centre-operating-room-fr"],"acf":[],"_links":{"self":[{"href":"https:\/\/medlinecapitalquote.ca\/fr\/wp-json\/wp\/v2\/products\/1786","targetHints":{"allow":["GET"]}}],"collection":[{"href":"https:\/\/medlinecapitalquote.ca\/fr\/wp-json\/wp\/v2\/products"}],"about":[{"href":"https:\/\/medlinecapitalquote.ca\/fr\/wp-json\/wp\/v2\/types\/product"}],"author":[{"embeddable":true,"href":"https:\/\/medlinecapitalquote.ca\/fr\/wp-json\/wp\/v2\/users\/5"}],"wp:featuredmedia":[{"embeddable":true,"href":"https:\/\/medlinecapitalquote.ca\/fr\/wp-json\/wp\/v2\/media\/1189"}],"wp:attachment":[{"href":"https:\/\/medlinecapitalquote.ca\/fr\/wp-json\/wp\/v2\/media?parent=1786"}],"wp:term":[{"taxonomy":"product_cat","embeddable":true,"href":"https:\/\/medlinecapitalquote.ca\/fr\/wp-json\/wp\/v2\/product-categories?post=1786"},{"taxonomy":"product_room","embeddable":true,"href":"https:\/\/medlinecapitalquote.ca\/fr\/wp-json\/wp\/v2\/product-rooms?post=1786"},{"taxonomy":"product_variation","embeddable":true,"href":"https:\/\/medlinecapitalquote.ca\/fr\/wp-json\/wp\/v2\/product-variations?post=1786"},{"taxonomy":"client","embeddable":true,"href":"https:\/\/medlinecapitalquote.ca\/fr\/wp-json\/wp\/v2\/clients?post=1786"}],"curies":[{"name":"wp","href":"https:\/\/api.w.org\/{rel}","templated":true}]}}