{"id":1788,"date":"2025-12-29T08:00:33","date_gmt":"2025-12-29T08:00:33","guid":{"rendered":"https:\/\/medlinecapitalquote.ca\/products\/table-dexamen-reglable-medline-avec-dessus-rembourre\/"},"modified":"2026-01-02T08:28:02","modified_gmt":"2026-01-02T08:28:02","slug":"table-dexamen-reglable-medline-avec-dessus-rembourre","status":"publish","type":"product","link":"https:\/\/medlinecapitalquote.ca\/fr\/products\/table-dexamen-reglable-medline-avec-dessus-rembourre\/","title":{"rendered":"Table d&rsquo;examen r\u00e9glable Medline avec dessus rembourr\u00e9"},"content":{"rendered":"<ul>\n<li>Capacit\u00e9 : 235 kg (518 lb)<\/li>\n<li>En acier inoxydable et plastique ABS<\/li>\n<li>R\u00e9siste \u00e0 la corrosion et \u00e0 la rouille<\/li>\n<li>Tabouret escamotable avec surface antid\u00e9rapante<\/li>\n<li>Le matelas recouvert de PU peut \u00eatre nettoy\u00e9 avec de l&rsquo;alcool<\/li>\n<li>Le syst\u00e8me dorsal s&rsquo;ajuste gr\u00e2ce \u00e0 un syst\u00e8me de ressorts \u00e0 gaz<\/li>\n<\/ul>\n","protected":false},"excerpt":{"rendered":"<p>Capacit\u00e9 : 235 kg (518 lb) En acier inoxydable et  [&#8230;]<\/p>\n","protected":false},"author":4,"featured_media":1224,"template":"","product-categories":[447],"product-rooms":[74],"product-variations":[991,702,95,525],"clients":[],"class_list":["post-1788","product","type-product","status-publish","has-post-thumbnail","hentry","product_cat-exam-and-procedure-tables-fr","product_room-exam-room-fr","product_variation-beige-colour-fr","product_variation-bleu","product_variation-colour-fr","product_variation-noir"],"acf":[],"_links":{"self":[{"href":"https:\/\/medlinecapitalquote.ca\/fr\/wp-json\/wp\/v2\/products\/1788","targetHints":{"allow":["GET"]}}],"collection":[{"href":"https:\/\/medlinecapitalquote.ca\/fr\/wp-json\/wp\/v2\/products"}],"about":[{"href":"https:\/\/medlinecapitalquote.ca\/fr\/wp-json\/wp\/v2\/types\/product"}],"author":[{"embeddable":true,"href":"https:\/\/medlinecapitalquote.ca\/fr\/wp-json\/wp\/v2\/users\/4"}],"wp:featuredmedia":[{"embeddable":true,"href":"https:\/\/medlinecapitalquote.ca\/fr\/wp-json\/wp\/v2\/media\/1224"}],"wp:attachment":[{"href":"https:\/\/medlinecapitalquote.ca\/fr\/wp-json\/wp\/v2\/media?parent=1788"}],"wp:term":[{"taxonomy":"product_cat","embeddable":true,"href":"https:\/\/medlinecapitalquote.ca\/fr\/wp-json\/wp\/v2\/product-categories?post=1788"},{"taxonomy":"product_room","embeddable":true,"href":"https:\/\/medlinecapitalquote.ca\/fr\/wp-json\/wp\/v2\/product-rooms?post=1788"},{"taxonomy":"product_variation","embeddable":true,"href":"https:\/\/medlinecapitalquote.ca\/fr\/wp-json\/wp\/v2\/product-variations?post=1788"},{"taxonomy":"client","embeddable":true,"href":"https:\/\/medlinecapitalquote.ca\/fr\/wp-json\/wp\/v2\/clients?post=1788"}],"curies":[{"name":"wp","href":"https:\/\/api.w.org\/{rel}","templated":true}]}}