{"id":1789,"date":"2025-12-29T09:51:52","date_gmt":"2025-12-29T09:51:52","guid":{"rendered":"https:\/\/medlinecapitalquote.ca\/products\/dermatoscope-au-carbone-dl100-dermlite\/"},"modified":"2026-01-07T15:37:25","modified_gmt":"2026-01-07T15:37:25","slug":"dermatoscope-au-carbone-dl100-dermlite","status":"publish","type":"product","link":"https:\/\/medlinecapitalquote.ca\/fr\/products\/dermatoscope-au-carbone-dl100-dermlite\/","title":{"rendered":"Dermatoscope au carbone DL100 DermLite\u00ae"},"content":{"rendered":"<ul>\n<li>L&rsquo;ext\u00e9rieur lisse, enti\u00e8rement en aluminium, est facile \u00e0 d\u00e9sinfecter et confortable \u00e0 tenir<\/li>\n<li>La fixation facile permet de prendre des photos cliniques et dermoscopiques<\/li>\n<li>Connectivit\u00e9 magn\u00e9tique pour la commodit\u00e9 et la rapidit\u00e9 des flux de travail<\/li>\n<\/ul>\n","protected":false},"excerpt":{"rendered":"<p>L&rsquo;ext\u00e9rieur lisse, enti\u00e8rement en aluminium, est facile \u00e0 d\u00e9sinfecter et  [&#8230;]<\/p>\n","protected":false},"author":5,"featured_media":1192,"template":"","product-categories":[458],"product-rooms":[74],"product-variations":[705,706,704,92],"clients":[],"class_list":["post-1789","product","type-product","status-publish","has-post-thumbnail","hentry","product_cat-other-diagnostic-fr","product_room-exam-room-fr","product_variation-etui","product_variation-pochette-de-protection-en-silicone","product_variation-unite-dexamen-dermatoscopique-dl100","product_variation-configuration-fr"],"acf":[],"_links":{"self":[{"href":"https:\/\/medlinecapitalquote.ca\/fr\/wp-json\/wp\/v2\/products\/1789","targetHints":{"allow":["GET"]}}],"collection":[{"href":"https:\/\/medlinecapitalquote.ca\/fr\/wp-json\/wp\/v2\/products"}],"about":[{"href":"https:\/\/medlinecapitalquote.ca\/fr\/wp-json\/wp\/v2\/types\/product"}],"author":[{"embeddable":true,"href":"https:\/\/medlinecapitalquote.ca\/fr\/wp-json\/wp\/v2\/users\/5"}],"wp:featuredmedia":[{"embeddable":true,"href":"https:\/\/medlinecapitalquote.ca\/fr\/wp-json\/wp\/v2\/media\/1192"}],"wp:attachment":[{"href":"https:\/\/medlinecapitalquote.ca\/fr\/wp-json\/wp\/v2\/media?parent=1789"}],"wp:term":[{"taxonomy":"product_cat","embeddable":true,"href":"https:\/\/medlinecapitalquote.ca\/fr\/wp-json\/wp\/v2\/product-categories?post=1789"},{"taxonomy":"product_room","embeddable":true,"href":"https:\/\/medlinecapitalquote.ca\/fr\/wp-json\/wp\/v2\/product-rooms?post=1789"},{"taxonomy":"product_variation","embeddable":true,"href":"https:\/\/medlinecapitalquote.ca\/fr\/wp-json\/wp\/v2\/product-variations?post=1789"},{"taxonomy":"client","embeddable":true,"href":"https:\/\/medlinecapitalquote.ca\/fr\/wp-json\/wp\/v2\/clients?post=1789"}],"curies":[{"name":"wp","href":"https:\/\/api.w.org\/{rel}","templated":true}]}}