{"id":1792,"date":"2025-12-29T09:43:54","date_gmt":"2025-12-29T09:43:54","guid":{"rendered":"https:\/\/medlinecapitalquote.ca\/products\/moniteur-numerique-continu-edan-im60\/"},"modified":"2026-01-02T08:43:15","modified_gmt":"2026-01-02T08:43:15","slug":"moniteur-numerique-continu-edan-im60","status":"publish","type":"product","link":"https:\/\/medlinecapitalquote.ca\/fr\/products\/moniteur-numerique-continu-edan-im60\/","title":{"rendered":"Moniteur num\u00e9rique continu Edan\u00ae IM60"},"content":{"rendered":"<ul>\n<li>Chaque moniteur est \u00e9quip\u00e9 de ce qui suit : ECG \u00e0 3 d\u00e9rivations, SpO2, PNI et 2 sondes de temp\u00e9rature<\/li>\n<li>Inclut un \u00e9cran haute r\u00e9solution de 10,4 po<\/li>\n<li>Disponible avec imprimante, \u00e9cran tactile et\/ou Wi-Fi<\/li>\n<li>Sondes de temp\u00e9rature cutan\u00e9e continue seulement<\/li>\n<\/ul>\n","protected":false},"excerpt":{"rendered":"<p>Chaque moniteur est \u00e9quip\u00e9 de ce qui suit : ECG  [&#8230;]<\/p>\n","protected":false},"author":3,"featured_media":749,"template":"","product-categories":[456],"product-rooms":[198],"product-variations":[553,552,92],"clients":[],"class_list":["post-1792","product","type-product","status-publish","has-post-thumbnail","hentry","product_cat-monitoring-fr","product_room-surgery-centre-operating-room-fr","product_variation-avec-pni-ecg-3-der-2-temp-spo2-g2-co2-ecran-tactile-imprimante","product_variation-avec-pni-ecg-3-5-der-2-temp-spo2-edan-g2-sidestream-co2-imprimante","product_variation-configuration-fr"],"acf":[],"_links":{"self":[{"href":"https:\/\/medlinecapitalquote.ca\/fr\/wp-json\/wp\/v2\/products\/1792","targetHints":{"allow":["GET"]}}],"collection":[{"href":"https:\/\/medlinecapitalquote.ca\/fr\/wp-json\/wp\/v2\/products"}],"about":[{"href":"https:\/\/medlinecapitalquote.ca\/fr\/wp-json\/wp\/v2\/types\/product"}],"author":[{"embeddable":true,"href":"https:\/\/medlinecapitalquote.ca\/fr\/wp-json\/wp\/v2\/users\/3"}],"wp:featuredmedia":[{"embeddable":true,"href":"https:\/\/medlinecapitalquote.ca\/fr\/wp-json\/wp\/v2\/media\/749"}],"wp:attachment":[{"href":"https:\/\/medlinecapitalquote.ca\/fr\/wp-json\/wp\/v2\/media?parent=1792"}],"wp:term":[{"taxonomy":"product_cat","embeddable":true,"href":"https:\/\/medlinecapitalquote.ca\/fr\/wp-json\/wp\/v2\/product-categories?post=1792"},{"taxonomy":"product_room","embeddable":true,"href":"https:\/\/medlinecapitalquote.ca\/fr\/wp-json\/wp\/v2\/product-rooms?post=1792"},{"taxonomy":"product_variation","embeddable":true,"href":"https:\/\/medlinecapitalquote.ca\/fr\/wp-json\/wp\/v2\/product-variations?post=1792"},{"taxonomy":"client","embeddable":true,"href":"https:\/\/medlinecapitalquote.ca\/fr\/wp-json\/wp\/v2\/clients?post=1792"}],"curies":[{"name":"wp","href":"https:\/\/api.w.org\/{rel}","templated":true}]}}