{"id":1800,"date":"2025-12-29T10:02:36","date_gmt":"2025-12-29T10:02:36","guid":{"rendered":"https:\/\/medlinecapitalquote.ca\/products\/moniteur-numerique-continu-edan-im70\/"},"modified":"2026-01-02T08:57:14","modified_gmt":"2026-01-02T08:57:14","slug":"moniteur-numerique-continu-edan-im70","status":"publish","type":"product","link":"https:\/\/medlinecapitalquote.ca\/fr\/products\/moniteur-numerique-continu-edan-im70\/","title":{"rendered":"Moniteur num\u00e9rique continu Edan\u00ae iM70"},"content":{"rendered":"<ul>\n<li>\u00c9cran TFT couleur de 30 cm (12,1 po)<\/li>\n<li>Analyse de l&rsquo;arythmie et du segment ST<\/li>\n<li>Batterie au lithium-ion rechargeable<\/li>\n<li>Affiche la tension art\u00e9rielle, la tension art\u00e9rielle moyenne, la respiration et la saturation en oxyg\u00e8ne<\/li>\n<\/ul>\n","protected":false},"excerpt":{"rendered":"<p>\u00c9cran TFT couleur de 30 cm (12,1 po) Analyse de  [&#8230;]<\/p>\n","protected":false},"author":3,"featured_media":768,"template":"","product-categories":[456],"product-rooms":[198],"product-variations":[554,92],"clients":[],"class_list":["post-1800","product","type-product","status-publish","has-post-thumbnail","hentry","product_cat-monitoring-fr","product_room-surgery-centre-operating-room-fr","product_variation-avec-3-der-ecran-tactile","product_variation-configuration-fr"],"acf":[],"_links":{"self":[{"href":"https:\/\/medlinecapitalquote.ca\/fr\/wp-json\/wp\/v2\/products\/1800","targetHints":{"allow":["GET"]}}],"collection":[{"href":"https:\/\/medlinecapitalquote.ca\/fr\/wp-json\/wp\/v2\/products"}],"about":[{"href":"https:\/\/medlinecapitalquote.ca\/fr\/wp-json\/wp\/v2\/types\/product"}],"author":[{"embeddable":true,"href":"https:\/\/medlinecapitalquote.ca\/fr\/wp-json\/wp\/v2\/users\/3"}],"wp:featuredmedia":[{"embeddable":true,"href":"https:\/\/medlinecapitalquote.ca\/fr\/wp-json\/wp\/v2\/media\/768"}],"wp:attachment":[{"href":"https:\/\/medlinecapitalquote.ca\/fr\/wp-json\/wp\/v2\/media?parent=1800"}],"wp:term":[{"taxonomy":"product_cat","embeddable":true,"href":"https:\/\/medlinecapitalquote.ca\/fr\/wp-json\/wp\/v2\/product-categories?post=1800"},{"taxonomy":"product_room","embeddable":true,"href":"https:\/\/medlinecapitalquote.ca\/fr\/wp-json\/wp\/v2\/product-rooms?post=1800"},{"taxonomy":"product_variation","embeddable":true,"href":"https:\/\/medlinecapitalquote.ca\/fr\/wp-json\/wp\/v2\/product-variations?post=1800"},{"taxonomy":"client","embeddable":true,"href":"https:\/\/medlinecapitalquote.ca\/fr\/wp-json\/wp\/v2\/clients?post=1800"}],"curies":[{"name":"wp","href":"https:\/\/api.w.org\/{rel}","templated":true}]}}