{"id":1806,"date":"2025-12-29T13:55:34","date_gmt":"2025-12-29T13:55:34","guid":{"rendered":"https:\/\/medlinecapitalquote.ca\/products\/etui-de-transport-intelligent-hadewe\/"},"modified":"2026-01-02T08:57:13","modified_gmt":"2026-01-02T08:57:13","slug":"etui-de-transport-intelligent-hadewe","status":"publish","type":"product","link":"https:\/\/medlinecapitalquote.ca\/fr\/products\/etui-de-transport-intelligent-hadewe\/","title":{"rendered":"\u00c9tui de transport intelligent Hadewe"},"content":{"rendered":"<ul>\n<li>Polym\u00e8re ABS \u00e0 fort impact l\u00e9ger et facile \u00e0 nettoyer\n<\/li>\n<li>R\u00e9sistant aux fluides\n<\/li>\n<li>Peut \u00eatre nettoy\u00e9 avec des liquides d\u00e9sinfectants\n<\/li>\n<li> Roues et poign\u00e9e t\u00e9lescopique\n<\/li>\n<li>2 tiroirs amovibles, un tiroir rembourr\u00e9 et un plateau coulissant\n<\/li>\n<li>\u00c0 utiliser avec les unit\u00e9s int\u00e9gr\u00e9es sous vide Hadewe et Rotatool<\/li>\n<\/ul>\n","protected":false},"excerpt":{"rendered":"<p>Polym\u00e8re ABS \u00e0 fort impact l\u00e9ger et facile \u00e0 nettoyer  [&#8230;]<\/p>\n","protected":false},"author":3,"featured_media":912,"template":"","product-categories":[463],"product-rooms":[74],"product-variations":[],"clients":[],"class_list":["post-1806","product","type-product","status-publish","has-post-thumbnail","hentry","product_cat-rotary-units-fr","product_room-exam-room-fr"],"acf":[],"_links":{"self":[{"href":"https:\/\/medlinecapitalquote.ca\/fr\/wp-json\/wp\/v2\/products\/1806","targetHints":{"allow":["GET"]}}],"collection":[{"href":"https:\/\/medlinecapitalquote.ca\/fr\/wp-json\/wp\/v2\/products"}],"about":[{"href":"https:\/\/medlinecapitalquote.ca\/fr\/wp-json\/wp\/v2\/types\/product"}],"author":[{"embeddable":true,"href":"https:\/\/medlinecapitalquote.ca\/fr\/wp-json\/wp\/v2\/users\/3"}],"wp:featuredmedia":[{"embeddable":true,"href":"https:\/\/medlinecapitalquote.ca\/fr\/wp-json\/wp\/v2\/media\/912"}],"wp:attachment":[{"href":"https:\/\/medlinecapitalquote.ca\/fr\/wp-json\/wp\/v2\/media?parent=1806"}],"wp:term":[{"taxonomy":"product_cat","embeddable":true,"href":"https:\/\/medlinecapitalquote.ca\/fr\/wp-json\/wp\/v2\/product-categories?post=1806"},{"taxonomy":"product_room","embeddable":true,"href":"https:\/\/medlinecapitalquote.ca\/fr\/wp-json\/wp\/v2\/product-rooms?post=1806"},{"taxonomy":"product_variation","embeddable":true,"href":"https:\/\/medlinecapitalquote.ca\/fr\/wp-json\/wp\/v2\/product-variations?post=1806"},{"taxonomy":"client","embeddable":true,"href":"https:\/\/medlinecapitalquote.ca\/fr\/wp-json\/wp\/v2\/clients?post=1806"}],"curies":[{"name":"wp","href":"https:\/\/api.w.org\/{rel}","templated":true}]}}