{"id":1809,"date":"2025-12-29T13:57:22","date_gmt":"2025-12-29T13:57:22","guid":{"rendered":"https:\/\/medlinecapitalquote.ca\/products\/etui-de-transport-noir-hadewe\/"},"modified":"2026-01-30T12:46:05","modified_gmt":"2026-01-30T12:46:05","slug":"etui-de-transport-noir-hadewe","status":"publish","type":"product","link":"https:\/\/medlinecapitalquote.ca\/fr\/products\/etui-de-transport-noir-hadewe\/","title":{"rendered":"\u00c9tui de transport noir Hadewe"},"content":{"rendered":"<ul>\n<li>Mat\u00e9riau ext\u00e9rieur : composite d&rsquo;aluminium<\/li>\n<li>Roues et poign\u00e9e t\u00e9lescopique<\/li>\n<li>Protection renforc\u00e9e aux coins<\/li>\n<li>Int\u00e9rieur facile \u00e0 nettoyer avec plateau sup\u00e9rieur s\u00e9par\u00e9 dot\u00e9 de s\u00e9parateurs<\/li>\n<li>Section inf\u00e9rieure pour les unit\u00e9s Helius 40, VELORIA, AURORIA, RT Essential et RT Deluxe<\/li>\n<\/ul>\n","protected":false},"excerpt":{"rendered":"<p>Mat\u00e9riau ext\u00e9rieur : composite d&rsquo;aluminium Roues et poign\u00e9e t\u00e9lescopique Protection  [&#8230;]<\/p>\n","protected":false},"author":3,"featured_media":916,"template":"","product-categories":[463],"product-rooms":[74],"product-variations":[],"clients":[],"class_list":["post-1809","product","type-product","status-publish","has-post-thumbnail","hentry","product_cat-rotary-units-fr","product_room-exam-room-fr"],"acf":[],"_links":{"self":[{"href":"https:\/\/medlinecapitalquote.ca\/fr\/wp-json\/wp\/v2\/products\/1809","targetHints":{"allow":["GET"]}}],"collection":[{"href":"https:\/\/medlinecapitalquote.ca\/fr\/wp-json\/wp\/v2\/products"}],"about":[{"href":"https:\/\/medlinecapitalquote.ca\/fr\/wp-json\/wp\/v2\/types\/product"}],"author":[{"embeddable":true,"href":"https:\/\/medlinecapitalquote.ca\/fr\/wp-json\/wp\/v2\/users\/3"}],"wp:featuredmedia":[{"embeddable":true,"href":"https:\/\/medlinecapitalquote.ca\/fr\/wp-json\/wp\/v2\/media\/916"}],"wp:attachment":[{"href":"https:\/\/medlinecapitalquote.ca\/fr\/wp-json\/wp\/v2\/media?parent=1809"}],"wp:term":[{"taxonomy":"product_cat","embeddable":true,"href":"https:\/\/medlinecapitalquote.ca\/fr\/wp-json\/wp\/v2\/product-categories?post=1809"},{"taxonomy":"product_room","embeddable":true,"href":"https:\/\/medlinecapitalquote.ca\/fr\/wp-json\/wp\/v2\/product-rooms?post=1809"},{"taxonomy":"product_variation","embeddable":true,"href":"https:\/\/medlinecapitalquote.ca\/fr\/wp-json\/wp\/v2\/product-variations?post=1809"},{"taxonomy":"client","embeddable":true,"href":"https:\/\/medlinecapitalquote.ca\/fr\/wp-json\/wp\/v2\/clients?post=1809"}],"curies":[{"name":"wp","href":"https:\/\/api.w.org\/{rel}","templated":true}]}}