{"id":1810,"date":"2025-12-29T10:12:52","date_gmt":"2025-12-29T10:12:52","guid":{"rendered":"https:\/\/medlinecapitalquote.ca\/products\/moniteur-numerique-continu-edan-im50\/"},"modified":"2026-01-02T09:19:49","modified_gmt":"2026-01-02T09:19:49","slug":"moniteur-numerique-continu-edan-im50","status":"publish","type":"product","link":"https:\/\/medlinecapitalquote.ca\/fr\/products\/moniteur-numerique-continu-edan-im50\/","title":{"rendered":"Moniteur num\u00e9rique continu Edan\u00ae iM50"},"content":{"rendered":"<ul>\n<li>Algorithme ECG iSEAP\u2122 pour la d\u00e9tection des arythmies, la d\u00e9tection des stimulateurs cardiaques et la mesure de la fr\u00e9quence cardiaque<\/li>\n<li>L&rsquo;algorithme de diagnostic \u00e0 12 d\u00e9rivations de SEMIP comporte 208 types de r\u00e9sultats d&rsquo;analyse<\/li>\n<li>Algorithme iMat SpO2 avec une grande r\u00e9sistance au mouvement et une faible r\u00e9sistance \u00e0 la perfusion<\/li>\n<li>Le syst\u00e8me int\u00e9gr\u00e9 Modified Early Warning Score (MEWS) aide \u00e0 identifier les conditions cliniques des patients<\/li>\n<li>M\u00e9moire non volatile int\u00e9gr\u00e9e et puissante, et stockage externe par USB disponible<\/li>\n<li>Protection et synchronisation de la d\u00e9fibrillation<\/li>\n<li>Fonction d&rsquo;appel infirmi\u00e8re et sortie VGA<\/li>\n<li>Communication bidirectionnelle avec le syst\u00e8me de surveillance central MFM-CMS<\/li>\n<\/ul>\n","protected":false},"excerpt":{"rendered":"<p>Algorithme ECG iSEAP\u2122 pour la d\u00e9tection des arythmies, la d\u00e9tection  [&#8230;]<\/p>\n","protected":false},"author":3,"featured_media":773,"template":"","product-categories":[456],"product-rooms":[198],"product-variations":[555,556,559,558,561,560,557,92],"clients":[],"class_list":["post-1810","product","type-product","status-publish","has-post-thumbnail","hentry","product_cat-monitoring-fr","product_room-surgery-centre-operating-room-fr","product_variation-avec-ecg-3-5-der-edan-spo2-pni-pr-resp-2-temp","product_variation-avec-ecg-3-5-der-edan-spo2-pni-pr-resp-2-temp-imprimante","product_variation-avec-ecg-3-5-der-edan-spo2-pni-pr-resp-2-temp-sidestream-c02-respironics-ecran-tactile-imprimante","product_variation-avec-ecg-3-5-der-edan-spo2-pni-pr-resp-2-temp-sidestream-c02-respironics-imprimante","product_variation-avec-ecg-3-5-derivations-edan-spo2-pni-pr-resp-2-temp-ecran-tactile","product_variation-avec-ecg-3-5-derivations-edan-spo2-pni-pr-resp-2-temp-imprimante-ecran-tactile","product_variation-ecg-a-3-derivations-nellcor-sp02-pni-frequence-du-pouls-respiration-2-temps-lateral-c02-ecran-tactile-avec-imprimante","product_variation-configuration-fr"],"acf":[],"_links":{"self":[{"href":"https:\/\/medlinecapitalquote.ca\/fr\/wp-json\/wp\/v2\/products\/1810","targetHints":{"allow":["GET"]}}],"collection":[{"href":"https:\/\/medlinecapitalquote.ca\/fr\/wp-json\/wp\/v2\/products"}],"about":[{"href":"https:\/\/medlinecapitalquote.ca\/fr\/wp-json\/wp\/v2\/types\/product"}],"author":[{"embeddable":true,"href":"https:\/\/medlinecapitalquote.ca\/fr\/wp-json\/wp\/v2\/users\/3"}],"wp:featuredmedia":[{"embeddable":true,"href":"https:\/\/medlinecapitalquote.ca\/fr\/wp-json\/wp\/v2\/media\/773"}],"wp:attachment":[{"href":"https:\/\/medlinecapitalquote.ca\/fr\/wp-json\/wp\/v2\/media?parent=1810"}],"wp:term":[{"taxonomy":"product_cat","embeddable":true,"href":"https:\/\/medlinecapitalquote.ca\/fr\/wp-json\/wp\/v2\/product-categories?post=1810"},{"taxonomy":"product_room","embeddable":true,"href":"https:\/\/medlinecapitalquote.ca\/fr\/wp-json\/wp\/v2\/product-rooms?post=1810"},{"taxonomy":"product_variation","embeddable":true,"href":"https:\/\/medlinecapitalquote.ca\/fr\/wp-json\/wp\/v2\/product-variations?post=1810"},{"taxonomy":"client","embeddable":true,"href":"https:\/\/medlinecapitalquote.ca\/fr\/wp-json\/wp\/v2\/clients?post=1810"}],"curies":[{"name":"wp","href":"https:\/\/api.w.org\/{rel}","templated":true}]}}