{"id":1811,"date":"2025-12-29T13:59:52","date_gmt":"2025-12-29T13:59:52","guid":{"rendered":"https:\/\/medlinecapitalquote.ca\/products\/repose-pieds-portatif-et-sac-de-transport-hadewe\/"},"modified":"2026-01-02T09:06:11","modified_gmt":"2026-01-02T09:06:11","slug":"repose-pieds-portatif-et-sac-de-transport-hadewe","status":"publish","type":"product","link":"https:\/\/medlinecapitalquote.ca\/fr\/products\/repose-pieds-portatif-et-sac-de-transport-hadewe\/","title":{"rendered":"Repose-pieds portatif et sac de transport Hadewe"},"content":{"rendered":"<ul>\n<li>Poids : 1,1 kg (2,4 lb)<\/li>\n<li>Hauteur r\u00e9glable de 45 cm \u00e0 58 cm (17,7 po \u00e0 22,8 po)<\/li>\n<li>Tige en acier inoxydable tr\u00e8s durable<\/li>\n<li>R\u00e9glable sous diff\u00e9rents angles<\/li>\n<\/ul>\n","protected":false},"excerpt":{"rendered":"<p>Poids : 1,1 kg (2,4 lb) Hauteur r\u00e9glable de 45  [&#8230;]<\/p>\n","protected":false},"author":3,"featured_media":924,"template":"","product-categories":[463],"product-rooms":[74],"product-variations":[],"clients":[],"class_list":["post-1811","product","type-product","status-publish","has-post-thumbnail","hentry","product_cat-rotary-units-fr","product_room-exam-room-fr"],"acf":[],"_links":{"self":[{"href":"https:\/\/medlinecapitalquote.ca\/fr\/wp-json\/wp\/v2\/products\/1811","targetHints":{"allow":["GET"]}}],"collection":[{"href":"https:\/\/medlinecapitalquote.ca\/fr\/wp-json\/wp\/v2\/products"}],"about":[{"href":"https:\/\/medlinecapitalquote.ca\/fr\/wp-json\/wp\/v2\/types\/product"}],"author":[{"embeddable":true,"href":"https:\/\/medlinecapitalquote.ca\/fr\/wp-json\/wp\/v2\/users\/3"}],"wp:featuredmedia":[{"embeddable":true,"href":"https:\/\/medlinecapitalquote.ca\/fr\/wp-json\/wp\/v2\/media\/924"}],"wp:attachment":[{"href":"https:\/\/medlinecapitalquote.ca\/fr\/wp-json\/wp\/v2\/media?parent=1811"}],"wp:term":[{"taxonomy":"product_cat","embeddable":true,"href":"https:\/\/medlinecapitalquote.ca\/fr\/wp-json\/wp\/v2\/product-categories?post=1811"},{"taxonomy":"product_room","embeddable":true,"href":"https:\/\/medlinecapitalquote.ca\/fr\/wp-json\/wp\/v2\/product-rooms?post=1811"},{"taxonomy":"product_variation","embeddable":true,"href":"https:\/\/medlinecapitalquote.ca\/fr\/wp-json\/wp\/v2\/product-variations?post=1811"},{"taxonomy":"client","embeddable":true,"href":"https:\/\/medlinecapitalquote.ca\/fr\/wp-json\/wp\/v2\/clients?post=1811"}],"curies":[{"name":"wp","href":"https:\/\/api.w.org\/{rel}","templated":true}]}}