{"id":1826,"date":"2025-12-29T10:00:56","date_gmt":"2025-12-29T10:00:56","guid":{"rendered":"https:\/\/medlinecapitalquote.ca\/products\/fraiseuse-orthofex-micro-air\/"},"modified":"2026-01-07T15:37:18","modified_gmt":"2026-01-07T15:37:18","slug":"fraiseuse-orthofex-micro-air","status":"publish","type":"product","link":"https:\/\/medlinecapitalquote.ca\/fr\/products\/fraiseuse-orthofex-micro-air\/","title":{"rendered":"Fraiseuse Orthofex Micro-Air"},"content":{"rendered":"<ul>\n<li>110 V 2,5 A 60 Hz<\/li>\n<li>Vitesse de rotation : 30 000 tr\/min<\/li>\n<li>Poids : 3,4 kg (7,5 lb)<\/li>\n<li>Le moteur sous vide int\u00e9gr\u00e9 aide \u00e0 r\u00e9duire l\u2019engorgement<\/li>\n<li>Grand sac \u00e0 poussi\u00e8re facile \u00e0 remplacer<\/li>\n<li>Silencieuse<\/li>\n<li>Le tuyau et le c\u00e2ble sont faciles \u00e0 nettoyer<\/li>\n<\/ul>\n","protected":false},"excerpt":{"rendered":"<p>110 V 2,5 A 60 Hz Vitesse de rotation :  [&#8230;]<\/p>\n","protected":false},"author":5,"featured_media":1205,"template":"","product-categories":[463],"product-rooms":[74],"product-variations":[],"clients":[],"class_list":["post-1826","product","type-product","status-publish","has-post-thumbnail","hentry","product_cat-rotary-units-fr","product_room-exam-room-fr"],"acf":[],"_links":{"self":[{"href":"https:\/\/medlinecapitalquote.ca\/fr\/wp-json\/wp\/v2\/products\/1826","targetHints":{"allow":["GET"]}}],"collection":[{"href":"https:\/\/medlinecapitalquote.ca\/fr\/wp-json\/wp\/v2\/products"}],"about":[{"href":"https:\/\/medlinecapitalquote.ca\/fr\/wp-json\/wp\/v2\/types\/product"}],"author":[{"embeddable":true,"href":"https:\/\/medlinecapitalquote.ca\/fr\/wp-json\/wp\/v2\/users\/5"}],"wp:featuredmedia":[{"embeddable":true,"href":"https:\/\/medlinecapitalquote.ca\/fr\/wp-json\/wp\/v2\/media\/1205"}],"wp:attachment":[{"href":"https:\/\/medlinecapitalquote.ca\/fr\/wp-json\/wp\/v2\/media?parent=1826"}],"wp:term":[{"taxonomy":"product_cat","embeddable":true,"href":"https:\/\/medlinecapitalquote.ca\/fr\/wp-json\/wp\/v2\/product-categories?post=1826"},{"taxonomy":"product_room","embeddable":true,"href":"https:\/\/medlinecapitalquote.ca\/fr\/wp-json\/wp\/v2\/product-rooms?post=1826"},{"taxonomy":"product_variation","embeddable":true,"href":"https:\/\/medlinecapitalquote.ca\/fr\/wp-json\/wp\/v2\/product-variations?post=1826"},{"taxonomy":"client","embeddable":true,"href":"https:\/\/medlinecapitalquote.ca\/fr\/wp-json\/wp\/v2\/clients?post=1826"}],"curies":[{"name":"wp","href":"https:\/\/api.w.org\/{rel}","templated":true}]}}