{"id":1828,"date":"2025-12-29T10:02:42","date_gmt":"2025-12-29T10:02:42","guid":{"rendered":"https:\/\/medlinecapitalquote.ca\/products\/fraiseuse-orthofex-ortho-spray\/"},"modified":"2026-01-07T15:37:14","modified_gmt":"2026-01-07T15:37:14","slug":"fraiseuse-orthofex-ortho-spray","status":"publish","type":"product","link":"https:\/\/medlinecapitalquote.ca\/fr\/products\/fraiseuse-orthofex-ortho-spray\/","title":{"rendered":"Fraiseuse Orthofex Ortho-Spray"},"content":{"rendered":"<ul>\n<li>Traitement sans douleur<\/li>\n<li>Silencieuse<\/li>\n<li>Pi\u00e8ce \u00e0 main l\u00e9g\u00e8re, facile \u00e0 utiliser et sans plastique<\/li>\n<li>La poussi\u00e8re forme une p\u00e2te avec la brume d&rsquo;eau distill\u00e9e et d&rsquo;alcool<\/li>\n<\/ul>\n","protected":false},"excerpt":{"rendered":"<p>Traitement sans douleur Silencieuse Pi\u00e8ce \u00e0 main l\u00e9g\u00e8re, facile \u00e0  [&#8230;]<\/p>\n","protected":false},"author":5,"featured_media":1208,"template":"","product-categories":[463],"product-rooms":[74],"product-variations":[],"clients":[],"class_list":["post-1828","product","type-product","status-publish","has-post-thumbnail","hentry","product_cat-rotary-units-fr","product_room-exam-room-fr"],"acf":[],"_links":{"self":[{"href":"https:\/\/medlinecapitalquote.ca\/fr\/wp-json\/wp\/v2\/products\/1828","targetHints":{"allow":["GET"]}}],"collection":[{"href":"https:\/\/medlinecapitalquote.ca\/fr\/wp-json\/wp\/v2\/products"}],"about":[{"href":"https:\/\/medlinecapitalquote.ca\/fr\/wp-json\/wp\/v2\/types\/product"}],"author":[{"embeddable":true,"href":"https:\/\/medlinecapitalquote.ca\/fr\/wp-json\/wp\/v2\/users\/5"}],"wp:featuredmedia":[{"embeddable":true,"href":"https:\/\/medlinecapitalquote.ca\/fr\/wp-json\/wp\/v2\/media\/1208"}],"wp:attachment":[{"href":"https:\/\/medlinecapitalquote.ca\/fr\/wp-json\/wp\/v2\/media?parent=1828"}],"wp:term":[{"taxonomy":"product_cat","embeddable":true,"href":"https:\/\/medlinecapitalquote.ca\/fr\/wp-json\/wp\/v2\/product-categories?post=1828"},{"taxonomy":"product_room","embeddable":true,"href":"https:\/\/medlinecapitalquote.ca\/fr\/wp-json\/wp\/v2\/product-rooms?post=1828"},{"taxonomy":"product_variation","embeddable":true,"href":"https:\/\/medlinecapitalquote.ca\/fr\/wp-json\/wp\/v2\/product-variations?post=1828"},{"taxonomy":"client","embeddable":true,"href":"https:\/\/medlinecapitalquote.ca\/fr\/wp-json\/wp\/v2\/clients?post=1828"}],"curies":[{"name":"wp","href":"https:\/\/api.w.org\/{rel}","templated":true}]}}