{"id":1830,"date":"2025-12-29T11:15:46","date_gmt":"2025-12-29T11:15:46","guid":{"rendered":"https:\/\/medlinecapitalquote.ca\/products\/moniteur-patient-continu-m80-edan\/"},"modified":"2026-01-02T09:37:19","modified_gmt":"2026-01-02T09:37:19","slug":"moniteur-patient-continu-m80-edan","status":"publish","type":"product","link":"https:\/\/medlinecapitalquote.ca\/fr\/products\/moniteur-patient-continu-m80-edan\/","title":{"rendered":"Moniteur patient continu M80 Edan\u00ae"},"content":{"rendered":"<ul>\n<li>\u00c9cran TFT couleur haute d\u00e9finition de 15 po avec une grande police de caract\u00e8res et l\u2019affichage d\u2019un maximum de 13 formes d&rsquo;ondes<\/li>\n<li>ECG \u00e0 3 d\u00e9rivations, RESP, PNI, Edan SpO2, 2 sondes de temp\u00e9rature et pouls<\/li>\n<li>Inclut la d\u00e9tection des stimulateurs cardiaques, la r\u00e9sistance aux interf\u00e9rences \u00e9lectrochirurgicales, la protection contre la d\u00e9fibrillation, la synchronisation de la d\u00e9fibrillation, une sortie VGA et une sortie analogique<\/li>\n<li>OxyCRG, analyse de l&rsquo;arythmie et du segment S-T, batterie Li-ion rechargeable int\u00e9gr\u00e9e (jusqu&rsquo;\u00e0 6 heures), fonction d&rsquo;appel infirmi\u00e8re et communication bidirectionnelle avec le syst\u00e8me de surveillance central MFM-CMS<\/li>\n<li>Fournit une mesure essentielle des signes vitaux du patient pour r\u00e9pondre aux besoins des soins intensifs, des soins apr\u00e8s l\u2019anesth\u00e9sie et des salles d&rsquo;op\u00e9ration<\/li>\n<\/ul>\n","protected":false},"excerpt":{"rendered":"<p>\u00c9cran TFT couleur haute d\u00e9finition de 15 po avec une  [&#8230;]<\/p>\n","protected":false},"author":3,"featured_media":800,"template":"","product-categories":[456],"product-rooms":[198],"product-variations":[555,556,563,562,564,92],"clients":[],"class_list":["post-1830","product","type-product","status-publish","has-post-thumbnail","hentry","product_cat-monitoring-fr","product_room-surgery-centre-operating-room-fr","product_variation-avec-ecg-3-5-der-edan-spo2-pni-pr-resp-2-temp","product_variation-avec-ecg-3-5-der-edan-spo2-pni-pr-resp-2-temp-imprimante","product_variation-avec-ecg-3-5-der-edan-spo2-pni-pr-resp-2-temp-sidestream-c02-ecran-tactile-imprimante","product_variation-avec-ecg-3-5-der-edan-spo2-pni-pr-resp-2-temp-sidestream-c02-imprimante","product_variation-avec-ecg-3-5-derivations-edan-spo2-pni-pr-resp-2-temp-ecran-tactile-fr","product_variation-configuration-fr"],"acf":[],"_links":{"self":[{"href":"https:\/\/medlinecapitalquote.ca\/fr\/wp-json\/wp\/v2\/products\/1830","targetHints":{"allow":["GET"]}}],"collection":[{"href":"https:\/\/medlinecapitalquote.ca\/fr\/wp-json\/wp\/v2\/products"}],"about":[{"href":"https:\/\/medlinecapitalquote.ca\/fr\/wp-json\/wp\/v2\/types\/product"}],"author":[{"embeddable":true,"href":"https:\/\/medlinecapitalquote.ca\/fr\/wp-json\/wp\/v2\/users\/3"}],"wp:featuredmedia":[{"embeddable":true,"href":"https:\/\/medlinecapitalquote.ca\/fr\/wp-json\/wp\/v2\/media\/800"}],"wp:attachment":[{"href":"https:\/\/medlinecapitalquote.ca\/fr\/wp-json\/wp\/v2\/media?parent=1830"}],"wp:term":[{"taxonomy":"product_cat","embeddable":true,"href":"https:\/\/medlinecapitalquote.ca\/fr\/wp-json\/wp\/v2\/product-categories?post=1830"},{"taxonomy":"product_room","embeddable":true,"href":"https:\/\/medlinecapitalquote.ca\/fr\/wp-json\/wp\/v2\/product-rooms?post=1830"},{"taxonomy":"product_variation","embeddable":true,"href":"https:\/\/medlinecapitalquote.ca\/fr\/wp-json\/wp\/v2\/product-variations?post=1830"},{"taxonomy":"client","embeddable":true,"href":"https:\/\/medlinecapitalquote.ca\/fr\/wp-json\/wp\/v2\/clients?post=1830"}],"curies":[{"name":"wp","href":"https:\/\/api.w.org\/{rel}","templated":true}]}}