{"id":1843,"date":"2025-12-29T09:53:31","date_gmt":"2025-12-29T09:53:31","guid":{"rendered":"https:\/\/medlinecapitalquote.ca\/products\/perche-intraveineuse-en-acier-inoxydable-a-6-pieds-avec-roulettes-a-degagement-rapide-medline-4-crochets\/"},"modified":"2026-01-02T09:36:16","modified_gmt":"2026-01-02T09:36:16","slug":"perche-intraveineuse-en-acier-inoxydable-a-6-pieds-avec-roulettes-a-degagement-rapide-medline-4-crochets","status":"publish","type":"product","link":"https:\/\/medlinecapitalquote.ca\/fr\/products\/perche-intraveineuse-en-acier-inoxydable-a-6-pieds-avec-roulettes-a-degagement-rapide-medline-4-crochets\/","title":{"rendered":"Perche intraveineuse en acier inoxydable \u00e0 6 pieds avec roulettes \u00e0 d\u00e9gagement rapide Medline, 4 crochets"},"content":{"rendered":"<ul>\n<li>Perche t\u00e9lescopique en acier inoxydable s\u2019ajustant de 1,85 \u00e0 2,52 cm (73 \u00e0 99,5 po) lorsqu\u2019elle est compl\u00e8tement allong\u00e9e<\/li>\n<li>Base en fonte \u00e0 6 pattes<\/li>\n<li>Pour les pompes \u00e0 trois canaux ou toute utilisation n\u00e9cessitant une base extra stable<\/li>\n<\/ul>\n","protected":false},"excerpt":{"rendered":"<p>Perche t\u00e9lescopique en acier inoxydable s\u2019ajustant de 1,85 \u00e0 2,52  [&#8230;]<\/p>\n","protected":false},"author":4,"featured_media":842,"template":"","product-categories":[451],"product-rooms":[198],"product-variations":[],"clients":[],"class_list":["post-1843","product","type-product","status-publish","has-post-thumbnail","hentry","product_cat-i-v-poles-fr","product_room-surgery-centre-operating-room-fr"],"acf":[],"_links":{"self":[{"href":"https:\/\/medlinecapitalquote.ca\/fr\/wp-json\/wp\/v2\/products\/1843","targetHints":{"allow":["GET"]}}],"collection":[{"href":"https:\/\/medlinecapitalquote.ca\/fr\/wp-json\/wp\/v2\/products"}],"about":[{"href":"https:\/\/medlinecapitalquote.ca\/fr\/wp-json\/wp\/v2\/types\/product"}],"author":[{"embeddable":true,"href":"https:\/\/medlinecapitalquote.ca\/fr\/wp-json\/wp\/v2\/users\/4"}],"wp:featuredmedia":[{"embeddable":true,"href":"https:\/\/medlinecapitalquote.ca\/fr\/wp-json\/wp\/v2\/media\/842"}],"wp:attachment":[{"href":"https:\/\/medlinecapitalquote.ca\/fr\/wp-json\/wp\/v2\/media?parent=1843"}],"wp:term":[{"taxonomy":"product_cat","embeddable":true,"href":"https:\/\/medlinecapitalquote.ca\/fr\/wp-json\/wp\/v2\/product-categories?post=1843"},{"taxonomy":"product_room","embeddable":true,"href":"https:\/\/medlinecapitalquote.ca\/fr\/wp-json\/wp\/v2\/product-rooms?post=1843"},{"taxonomy":"product_variation","embeddable":true,"href":"https:\/\/medlinecapitalquote.ca\/fr\/wp-json\/wp\/v2\/product-variations?post=1843"},{"taxonomy":"client","embeddable":true,"href":"https:\/\/medlinecapitalquote.ca\/fr\/wp-json\/wp\/v2\/clients?post=1843"}],"curies":[{"name":"wp","href":"https:\/\/api.w.org\/{rel}","templated":true}]}}