{"id":1845,"date":"2025-12-29T09:55:02","date_gmt":"2025-12-29T09:55:02","guid":{"rendered":"https:\/\/medlinecapitalquote.ca\/products\/thermometre-frontal-numerique-infrarouge-sans-contact-medline\/"},"modified":"2026-01-02T09:40:11","modified_gmt":"2026-01-02T09:40:11","slug":"thermometre-frontal-numerique-infrarouge-sans-contact-medline","status":"publish","type":"product","link":"https:\/\/medlinecapitalquote.ca\/fr\/products\/thermometre-frontal-numerique-infrarouge-sans-contact-medline\/","title":{"rendered":"Thermom\u00e8tre frontal num\u00e9rique infrarouge sans contact Medline"},"content":{"rendered":"<ul>\n<li>Prend les temp\u00e9ratures humaines et de surface en C ou F<\/li>\n<li>Faites glisser le commutateur de mode sur le symbole de la t\u00eate pour le mode front ou sur le symbole de la bouteille pour le mode surface\/objet<\/li>\n<li>La technologie infrarouge sans contact \u00e9limine le besoin de contact avec le patient<\/li>\n<li>Facilite l&rsquo;interpr\u00e9tation des r\u00e9sultats gr\u00e2ce aux indicateurs color\u00e9s du thermom\u00e8tre; l&rsquo;\u00e9cran LCD devient rouge en cas de fi\u00e8vre, vert en cas de r\u00e9sultats normaux et bleu en cours de traitement<\/li>\n<li>Approuv\u00e9 pour une utilisation en milieu clinique et \u00e0 domicile<\/li>\n<li>Remarque : les mesures effectu\u00e9es sur le front sont g\u00e9n\u00e9ralement inf\u00e9rieures de 0,5 \u00e0 1 degr\u00e9 \u00e0 celles effectu\u00e9es sur la cavit\u00e9 buccale, car les temp\u00e9ratures du front et de la cavit\u00e9 buccale sont naturellement diff\u00e9rentes<\/li>\n<\/ul>\n","protected":false},"excerpt":{"rendered":"<p>Prend les temp\u00e9ratures humaines et de surface en C ou  [&#8230;]<\/p>\n","protected":false},"author":4,"featured_media":840,"template":"","product-categories":[73],"product-rooms":[74],"product-variations":[],"clients":[],"class_list":["post-1845","product","type-product","status-publish","has-post-thumbnail","hentry","product_cat-diagnostic-fr","product_room-exam-room-fr"],"acf":[],"_links":{"self":[{"href":"https:\/\/medlinecapitalquote.ca\/fr\/wp-json\/wp\/v2\/products\/1845","targetHints":{"allow":["GET"]}}],"collection":[{"href":"https:\/\/medlinecapitalquote.ca\/fr\/wp-json\/wp\/v2\/products"}],"about":[{"href":"https:\/\/medlinecapitalquote.ca\/fr\/wp-json\/wp\/v2\/types\/product"}],"author":[{"embeddable":true,"href":"https:\/\/medlinecapitalquote.ca\/fr\/wp-json\/wp\/v2\/users\/4"}],"wp:featuredmedia":[{"embeddable":true,"href":"https:\/\/medlinecapitalquote.ca\/fr\/wp-json\/wp\/v2\/media\/840"}],"wp:attachment":[{"href":"https:\/\/medlinecapitalquote.ca\/fr\/wp-json\/wp\/v2\/media?parent=1845"}],"wp:term":[{"taxonomy":"product_cat","embeddable":true,"href":"https:\/\/medlinecapitalquote.ca\/fr\/wp-json\/wp\/v2\/product-categories?post=1845"},{"taxonomy":"product_room","embeddable":true,"href":"https:\/\/medlinecapitalquote.ca\/fr\/wp-json\/wp\/v2\/product-rooms?post=1845"},{"taxonomy":"product_variation","embeddable":true,"href":"https:\/\/medlinecapitalquote.ca\/fr\/wp-json\/wp\/v2\/product-variations?post=1845"},{"taxonomy":"client","embeddable":true,"href":"https:\/\/medlinecapitalquote.ca\/fr\/wp-json\/wp\/v2\/clients?post=1845"}],"curies":[{"name":"wp","href":"https:\/\/api.w.org\/{rel}","templated":true}]}}