{"id":1848,"date":"2025-12-29T09:57:30","date_gmt":"2025-12-29T09:57:30","guid":{"rendered":"https:\/\/medlinecapitalquote.ca\/products\/sac-pour-panier-a-linge-a-fermeture-a-cordonnet-medline\/"},"modified":"2026-01-02T09:45:05","modified_gmt":"2026-01-02T09:45:05","slug":"sac-pour-panier-a-linge-a-fermeture-a-cordonnet-medline","status":"publish","type":"product","link":"https:\/\/medlinecapitalquote.ca\/fr\/products\/sac-pour-panier-a-linge-a-fermeture-a-cordonnet-medline\/","title":{"rendered":"Sac pour panier \u00e0 linge \u00e0 fermeture \u00e0 cordonnet Medline"},"content":{"rendered":"<ul>\n<li>Id\u00e9al pour le stockage et le transport de linge sec avant le nettoyage<\/li>\n<li>Sacs seulement; support de panier non inclus<\/li>\n<\/ul>\n","protected":false},"excerpt":{"rendered":"<p>Id\u00e9al pour le stockage et le transport de linge sec  [&#8230;]<\/p>\n","protected":false},"author":4,"featured_media":836,"template":"","product-categories":[454],"product-rooms":[198,74],"product-variations":[1012,95],"clients":[],"class_list":["post-1848","product","type-product","status-publish","has-post-thumbnail","hentry","product_cat-linen-hampers-and-bags-fr","product_room-surgery-centre-operating-room-fr","product_room-exam-room-fr","product_variation-blanc-nylon-colour-fr","product_variation-colour-fr"],"acf":[],"_links":{"self":[{"href":"https:\/\/medlinecapitalquote.ca\/fr\/wp-json\/wp\/v2\/products\/1848","targetHints":{"allow":["GET"]}}],"collection":[{"href":"https:\/\/medlinecapitalquote.ca\/fr\/wp-json\/wp\/v2\/products"}],"about":[{"href":"https:\/\/medlinecapitalquote.ca\/fr\/wp-json\/wp\/v2\/types\/product"}],"author":[{"embeddable":true,"href":"https:\/\/medlinecapitalquote.ca\/fr\/wp-json\/wp\/v2\/users\/4"}],"wp:featuredmedia":[{"embeddable":true,"href":"https:\/\/medlinecapitalquote.ca\/fr\/wp-json\/wp\/v2\/media\/836"}],"wp:attachment":[{"href":"https:\/\/medlinecapitalquote.ca\/fr\/wp-json\/wp\/v2\/media?parent=1848"}],"wp:term":[{"taxonomy":"product_cat","embeddable":true,"href":"https:\/\/medlinecapitalquote.ca\/fr\/wp-json\/wp\/v2\/product-categories?post=1848"},{"taxonomy":"product_room","embeddable":true,"href":"https:\/\/medlinecapitalquote.ca\/fr\/wp-json\/wp\/v2\/product-rooms?post=1848"},{"taxonomy":"product_variation","embeddable":true,"href":"https:\/\/medlinecapitalquote.ca\/fr\/wp-json\/wp\/v2\/product-variations?post=1848"},{"taxonomy":"client","embeddable":true,"href":"https:\/\/medlinecapitalquote.ca\/fr\/wp-json\/wp\/v2\/clients?post=1848"}],"curies":[{"name":"wp","href":"https:\/\/api.w.org\/{rel}","templated":true}]}}