{"id":1849,"date":"2025-12-29T08:59:23","date_gmt":"2025-12-29T08:59:23","guid":{"rendered":"https:\/\/medlinecapitalquote.ca\/products\/balance-mecanique-a-colonne-pour-medecin-medline\/"},"modified":"2026-01-02T10:00:27","modified_gmt":"2026-01-02T10:00:27","slug":"balance-mecanique-a-colonne-pour-medecin-medline","status":"publish","type":"product","link":"https:\/\/medlinecapitalquote.ca\/fr\/products\/balance-mecanique-a-colonne-pour-medecin-medline\/","title":{"rendered":"Balance m\u00e9canique \u00e0 colonne pour m\u00e9decin Medline"},"content":{"rendered":"<ul>\n<li>Graduation : 0,1 kg (0,25 lb)<\/li>\n<li>Le poids peut \u00eatre lu \u00e0 l&rsquo;avant ou l&rsquo;arri\u00e8re<\/li>\n<li>Rev\u00eatement antid\u00e9rapant de la base amovible pour faciliter le nettoyage<\/li>\n<li>Roues arri\u00e8re pour faciliter le transport<\/li>\n<li>Durable, pr\u00e9cise et facile \u00e0 utiliser, d\u00e9placer et entreposer<\/li>\n<\/ul>\n","protected":false},"excerpt":{"rendered":"<p>Graduation : 0,1 kg (0,25 lb) Le poids peut \u00eatre  [&#8230;]<\/p>\n","protected":false},"author":4,"featured_media":960,"template":"","product-categories":[448],"product-rooms":[74],"product-variations":[],"clients":[],"class_list":["post-1849","product","type-product","status-publish","has-post-thumbnail","hentry","product_cat-exam-room-scales-fr","product_room-exam-room-fr"],"acf":[],"_links":{"self":[{"href":"https:\/\/medlinecapitalquote.ca\/fr\/wp-json\/wp\/v2\/products\/1849","targetHints":{"allow":["GET"]}}],"collection":[{"href":"https:\/\/medlinecapitalquote.ca\/fr\/wp-json\/wp\/v2\/products"}],"about":[{"href":"https:\/\/medlinecapitalquote.ca\/fr\/wp-json\/wp\/v2\/types\/product"}],"author":[{"embeddable":true,"href":"https:\/\/medlinecapitalquote.ca\/fr\/wp-json\/wp\/v2\/users\/4"}],"wp:featuredmedia":[{"embeddable":true,"href":"https:\/\/medlinecapitalquote.ca\/fr\/wp-json\/wp\/v2\/media\/960"}],"wp:attachment":[{"href":"https:\/\/medlinecapitalquote.ca\/fr\/wp-json\/wp\/v2\/media?parent=1849"}],"wp:term":[{"taxonomy":"product_cat","embeddable":true,"href":"https:\/\/medlinecapitalquote.ca\/fr\/wp-json\/wp\/v2\/product-categories?post=1849"},{"taxonomy":"product_room","embeddable":true,"href":"https:\/\/medlinecapitalquote.ca\/fr\/wp-json\/wp\/v2\/product-rooms?post=1849"},{"taxonomy":"product_variation","embeddable":true,"href":"https:\/\/medlinecapitalquote.ca\/fr\/wp-json\/wp\/v2\/product-variations?post=1849"},{"taxonomy":"client","embeddable":true,"href":"https:\/\/medlinecapitalquote.ca\/fr\/wp-json\/wp\/v2\/clients?post=1849"}],"curies":[{"name":"wp","href":"https:\/\/api.w.org\/{rel}","templated":true}]}}