{"id":1851,"date":"2025-12-29T11:36:15","date_gmt":"2025-12-29T11:36:15","guid":{"rendered":"https:\/\/medlinecapitalquote.ca\/products\/doppler-foetal-sonotrax\/"},"modified":"2026-01-02T10:10:38","modified_gmt":"2026-01-02T10:10:38","slug":"doppler-foetal-sonotrax","status":"publish","type":"product","link":"https:\/\/medlinecapitalquote.ca\/fr\/products\/doppler-foetal-sonotrax\/","title":{"rendered":"Doppler f\u0153tal SonoTrax"},"content":{"rendered":"<ul>\n<li>Enregistreur audio int\u00e9gr\u00e9<\/li>\n<li>Grand \u00e9cran LCD avec r\u00e9tro\u00e9clairage<\/li>\n<li>Son clair et d\u00e9tection pr\u00e9cise de la fr\u00e9quence cardiaque f\u0153tale<\/li>\n<li>Comptage automatique\/moyen\/manuel de la fr\u00e9quence cardiaque f\u0153tale<\/li>\n<li>Sondes sensibles et interchangeables<\/li>\n<\/ul>\n","protected":false},"excerpt":{"rendered":"<p>Enregistreur audio int\u00e9gr\u00e9 Grand \u00e9cran LCD avec r\u00e9tro\u00e9clairage Son clair  [&#8230;]<\/p>\n","protected":false},"author":3,"featured_media":1854,"template":"","product-categories":[72],"product-rooms":[74],"product-variations":[568,569,566,567,570,92],"clients":[],"class_list":["post-1851","product","type-product","status-publish","has-post-thumbnail","hentry","product_cat-ultrasound-and-dopplers-fr","product_room-exam-room-fr","product_variation-doppler-foetal-sonotrax-basic-a-avec-sonde-de-3-mhz-enregistreur-audio-et-ecran-lcd","product_variation-doppler-foetal-sonotrax-basic-avec-sonde-de-3-mhz-enregistreur-audio-et-ecran-lcd","product_variation-doppler-foetal-sonotrax-ii-avec-sonde-de-3-mhz-enregistreur-audio-et-ecran-lcd","product_variation-doppler-foetal-sonotrax-ii-pro-avec-sonde-de-3-mhz-enregistreur-audio-et-ecran-lcd","product_variation-doppler-foetal-sonotrax-pro-avec-sonde-de-3-mhz-enregistreur-audio-et-ecran-lcd","product_variation-configuration-fr"],"acf":[],"_links":{"self":[{"href":"https:\/\/medlinecapitalquote.ca\/fr\/wp-json\/wp\/v2\/products\/1851","targetHints":{"allow":["GET"]}}],"collection":[{"href":"https:\/\/medlinecapitalquote.ca\/fr\/wp-json\/wp\/v2\/products"}],"about":[{"href":"https:\/\/medlinecapitalquote.ca\/fr\/wp-json\/wp\/v2\/types\/product"}],"author":[{"embeddable":true,"href":"https:\/\/medlinecapitalquote.ca\/fr\/wp-json\/wp\/v2\/users\/3"}],"wp:featuredmedia":[{"embeddable":true,"href":"https:\/\/medlinecapitalquote.ca\/fr\/wp-json\/wp\/v2\/media\/1854"}],"wp:attachment":[{"href":"https:\/\/medlinecapitalquote.ca\/fr\/wp-json\/wp\/v2\/media?parent=1851"}],"wp:term":[{"taxonomy":"product_cat","embeddable":true,"href":"https:\/\/medlinecapitalquote.ca\/fr\/wp-json\/wp\/v2\/product-categories?post=1851"},{"taxonomy":"product_room","embeddable":true,"href":"https:\/\/medlinecapitalquote.ca\/fr\/wp-json\/wp\/v2\/product-rooms?post=1851"},{"taxonomy":"product_variation","embeddable":true,"href":"https:\/\/medlinecapitalquote.ca\/fr\/wp-json\/wp\/v2\/product-variations?post=1851"},{"taxonomy":"client","embeddable":true,"href":"https:\/\/medlinecapitalquote.ca\/fr\/wp-json\/wp\/v2\/clients?post=1851"}],"curies":[{"name":"wp","href":"https:\/\/api.w.org\/{rel}","templated":true}]}}