{"id":1852,"date":"2025-12-29T09:01:29","date_gmt":"2025-12-29T09:01:29","guid":{"rendered":"https:\/\/medlinecapitalquote.ca\/products\/tabouret-escabeau-avec-cadre-en-acier-medline\/"},"modified":"2026-01-02T10:07:55","modified_gmt":"2026-01-02T10:07:55","slug":"tabouret-escabeau-avec-cadre-en-acier-medline","status":"publish","type":"product","link":"https:\/\/medlinecapitalquote.ca\/fr\/products\/tabouret-escabeau-avec-cadre-en-acier-medline\/","title":{"rendered":"Tabouret-escabeau avec cadre en acier Medline"},"content":{"rendered":"<ul>\n<li>Capacit\u00e9\u00a0: 158\u00a0kg (350\u00a0lb)<\/li>\n<li>Rev\u00eatement en caoutchouc pour assurer confort et traction<\/li>\n<li>Embouts en caoutchouc antid\u00e9rapants pour une s\u00e9curit\u00e9 suppl\u00e9mentaire<\/li>\n<li>17\u00a0points de soudure pour une meilleure r\u00e9sistance<\/li>\n<\/ul>\n","protected":false},"excerpt":{"rendered":"<p>Capacit\u00e9\u00a0: 158\u00a0kg (350\u00a0lb) Rev\u00eatement en caoutchouc pour assurer confort et  [&#8230;]<\/p>\n","protected":false},"author":4,"featured_media":958,"template":"","product-categories":[447],"product-rooms":[74],"product-variations":[1020,92],"clients":[],"class_list":["post-1852","product","type-product","status-publish","has-post-thumbnail","hentry","product_cat-exam-and-procedure-tables-fr","product_room-exam-room-fr","product_variation-avec-main-courante","product_variation-configuration-fr"],"acf":[],"_links":{"self":[{"href":"https:\/\/medlinecapitalquote.ca\/fr\/wp-json\/wp\/v2\/products\/1852","targetHints":{"allow":["GET"]}}],"collection":[{"href":"https:\/\/medlinecapitalquote.ca\/fr\/wp-json\/wp\/v2\/products"}],"about":[{"href":"https:\/\/medlinecapitalquote.ca\/fr\/wp-json\/wp\/v2\/types\/product"}],"author":[{"embeddable":true,"href":"https:\/\/medlinecapitalquote.ca\/fr\/wp-json\/wp\/v2\/users\/4"}],"wp:featuredmedia":[{"embeddable":true,"href":"https:\/\/medlinecapitalquote.ca\/fr\/wp-json\/wp\/v2\/media\/958"}],"wp:attachment":[{"href":"https:\/\/medlinecapitalquote.ca\/fr\/wp-json\/wp\/v2\/media?parent=1852"}],"wp:term":[{"taxonomy":"product_cat","embeddable":true,"href":"https:\/\/medlinecapitalquote.ca\/fr\/wp-json\/wp\/v2\/product-categories?post=1852"},{"taxonomy":"product_room","embeddable":true,"href":"https:\/\/medlinecapitalquote.ca\/fr\/wp-json\/wp\/v2\/product-rooms?post=1852"},{"taxonomy":"product_variation","embeddable":true,"href":"https:\/\/medlinecapitalquote.ca\/fr\/wp-json\/wp\/v2\/product-variations?post=1852"},{"taxonomy":"client","embeddable":true,"href":"https:\/\/medlinecapitalquote.ca\/fr\/wp-json\/wp\/v2\/clients?post=1852"}],"curies":[{"name":"wp","href":"https:\/\/api.w.org\/{rel}","templated":true}]}}