{"id":1857,"date":"2025-12-29T09:59:56","date_gmt":"2025-12-29T09:59:56","guid":{"rendered":"https:\/\/medlinecapitalquote.ca\/products\/oreiller-essuyable-avec-coutil-en-vinyle-medsoft\/"},"modified":"2026-01-02T10:12:22","modified_gmt":"2026-01-02T10:12:22","slug":"oreiller-essuyable-avec-coutil-en-vinyle-medsoft","status":"publish","type":"product","link":"https:\/\/medlinecapitalquote.ca\/fr\/products\/oreiller-essuyable-avec-coutil-en-vinyle-medsoft\/","title":{"rendered":"Oreiller essuyable avec coutil en vinyle Medsoft"},"content":{"rendered":"<ul>\n<li>R\u00e9utilisable<\/li>\n<li>R\u00e9sistant aux taches et \u00e0 l\u2019eau pour un nettoyage plus facile et un renouvellement plus rapide<\/li>\n<li>Couverture blanche<\/li>\n<li>Dimensions : 20 po x 26 po (50,8 cm x 66 cm)<\/li>\n<li>Garnissage 100 % polyester grenat<\/li>\n<li>Poids de remplissage de 18 oz<\/li>\n<li>Emball\u00e9 sous vide pour une livraison et un stockage plus faciles<\/li>\n<li>Confort et durabilit\u00e9 exceptionnels<\/li>\n<\/ul>\n","protected":false},"excerpt":{"rendered":"<p>R\u00e9utilisable R\u00e9sistant aux taches et \u00e0 l\u2019eau pour un nettoyage  [&#8230;]<\/p>\n","protected":false},"author":4,"featured_media":831,"template":"","product-categories":[447],"product-rooms":[74],"product-variations":[1024,1023,93],"clients":[],"class_list":["post-1857","product","type-product","status-publish","has-post-thumbnail","hentry","product_cat-exam-and-procedure-tables-fr","product_room-exam-room-fr","product_variation-18-x-24-po-46-x-61-cm-dimensions-fr","product_variation-20-x-26-po-51-x-66-cm-dimensions-fr","product_variation-dimensions-fr"],"acf":[],"_links":{"self":[{"href":"https:\/\/medlinecapitalquote.ca\/fr\/wp-json\/wp\/v2\/products\/1857","targetHints":{"allow":["GET"]}}],"collection":[{"href":"https:\/\/medlinecapitalquote.ca\/fr\/wp-json\/wp\/v2\/products"}],"about":[{"href":"https:\/\/medlinecapitalquote.ca\/fr\/wp-json\/wp\/v2\/types\/product"}],"author":[{"embeddable":true,"href":"https:\/\/medlinecapitalquote.ca\/fr\/wp-json\/wp\/v2\/users\/4"}],"wp:featuredmedia":[{"embeddable":true,"href":"https:\/\/medlinecapitalquote.ca\/fr\/wp-json\/wp\/v2\/media\/831"}],"wp:attachment":[{"href":"https:\/\/medlinecapitalquote.ca\/fr\/wp-json\/wp\/v2\/media?parent=1857"}],"wp:term":[{"taxonomy":"product_cat","embeddable":true,"href":"https:\/\/medlinecapitalquote.ca\/fr\/wp-json\/wp\/v2\/product-categories?post=1857"},{"taxonomy":"product_room","embeddable":true,"href":"https:\/\/medlinecapitalquote.ca\/fr\/wp-json\/wp\/v2\/product-rooms?post=1857"},{"taxonomy":"product_variation","embeddable":true,"href":"https:\/\/medlinecapitalquote.ca\/fr\/wp-json\/wp\/v2\/product-variations?post=1857"},{"taxonomy":"client","embeddable":true,"href":"https:\/\/medlinecapitalquote.ca\/fr\/wp-json\/wp\/v2\/clients?post=1857"}],"curies":[{"name":"wp","href":"https:\/\/api.w.org\/{rel}","templated":true}]}}