{"id":1858,"date":"2025-12-29T09:05:01","date_gmt":"2025-12-29T09:05:01","guid":{"rendered":"https:\/\/medlinecapitalquote.ca\/products\/chariot-de-fournitures-danesthesie-medline\/"},"modified":"2026-01-02T10:16:24","modified_gmt":"2026-01-02T10:16:24","slug":"chariot-de-fournitures-danesthesie-medline","status":"publish","type":"product","link":"https:\/\/medlinecapitalquote.ca\/fr\/products\/chariot-de-fournitures-danesthesie-medline\/","title":{"rendered":"Chariot de fournitures d&rsquo;anesth\u00e9sie Medline"},"content":{"rendered":"<ul>\n<li>Dimensions\u00a0: 74\u00a0cm\u00a0x\u00a062\u00a0cm\u00a0x\u00a01,1\u00a0m (29\u00a0x\u00a024,5\u00a0x\u00a045\u00a0po)<\/li>\n<li>Roulettes \u00e0 roulement facile, glissi\u00e8res de tiroir \u00e0 roulement \u00e0 billes \u00e0 fermeture automatique et tablette coulissante<\/li>\n<li>Coque gris clair et tiroirs bleu fonc\u00e9<\/li>\n<li>6\u00a0tiroirs en tout; 3-3\u00a0po, 2-6\u00a0po, 1-9\u00a0po<\/li>\n<li>Serrure \u00e0 cl\u00e9<\/li>\n<\/ul>\n","protected":false},"excerpt":{"rendered":"<p>Dimensions\u00a0: 74\u00a0cm\u00a0x\u00a062\u00a0cm\u00a0x\u00a01,1\u00a0m (29\u00a0x\u00a024,5\u00a0x\u00a045\u00a0po) Roulettes \u00e0 roulement facile, glissi\u00e8res de tiroir  [&#8230;]<\/p>\n","protected":false},"author":4,"featured_media":951,"template":"","product-categories":[437],"product-rooms":[198,74],"product-variations":[],"clients":[],"class_list":["post-1858","product","type-product","status-publish","has-post-thumbnail","hentry","product_cat-carts-fr","product_room-surgery-centre-operating-room-fr","product_room-exam-room-fr"],"acf":[],"_links":{"self":[{"href":"https:\/\/medlinecapitalquote.ca\/fr\/wp-json\/wp\/v2\/products\/1858","targetHints":{"allow":["GET"]}}],"collection":[{"href":"https:\/\/medlinecapitalquote.ca\/fr\/wp-json\/wp\/v2\/products"}],"about":[{"href":"https:\/\/medlinecapitalquote.ca\/fr\/wp-json\/wp\/v2\/types\/product"}],"author":[{"embeddable":true,"href":"https:\/\/medlinecapitalquote.ca\/fr\/wp-json\/wp\/v2\/users\/4"}],"wp:featuredmedia":[{"embeddable":true,"href":"https:\/\/medlinecapitalquote.ca\/fr\/wp-json\/wp\/v2\/media\/951"}],"wp:attachment":[{"href":"https:\/\/medlinecapitalquote.ca\/fr\/wp-json\/wp\/v2\/media?parent=1858"}],"wp:term":[{"taxonomy":"product_cat","embeddable":true,"href":"https:\/\/medlinecapitalquote.ca\/fr\/wp-json\/wp\/v2\/product-categories?post=1858"},{"taxonomy":"product_room","embeddable":true,"href":"https:\/\/medlinecapitalquote.ca\/fr\/wp-json\/wp\/v2\/product-rooms?post=1858"},{"taxonomy":"product_variation","embeddable":true,"href":"https:\/\/medlinecapitalquote.ca\/fr\/wp-json\/wp\/v2\/product-variations?post=1858"},{"taxonomy":"client","embeddable":true,"href":"https:\/\/medlinecapitalquote.ca\/fr\/wp-json\/wp\/v2\/clients?post=1858"}],"curies":[{"name":"wp","href":"https:\/\/api.w.org\/{rel}","templated":true}]}}