{"id":1861,"date":"2025-12-29T10:02:31","date_gmt":"2025-12-29T10:02:31","guid":{"rendered":"https:\/\/medlinecapitalquote.ca\/products\/rechauffeur-de-couvertures-avec-porte-vitree-medline-titan-series\/"},"modified":"2026-01-09T11:41:25","modified_gmt":"2026-01-09T11:41:25","slug":"rechauffeur-de-couvertures-avec-porte-vitree-medline-titan-series","status":"publish","type":"product","link":"https:\/\/medlinecapitalquote.ca\/fr\/products\/rechauffeur-de-couvertures-avec-porte-vitree-medline-titan-series\/","title":{"rendered":"R\u00e9chauffeur de couvertures avec porte vitr\u00e9e Medline Titan Series"},"content":{"rendered":"<ul>\n<li>Commandes programmables avec verrouillage de la temp\u00e9rature<\/li>\n<li>Point d&rsquo;acc\u00e8s pour la gestion de la temp\u00e9rature; plage de temp\u00e9rature de 37 \u00b0C \u00e0 93 \u00b0C (98 \u00b0F \u00e0 200 \u00b0F)<\/li>\n<li>\u00c9clairage int\u00e9rieur d&rsquo;une lueur bleue r\u00e9confortante<\/li>\n<li>4 pieds en caoutchouc antid\u00e9rapants maintiennent l&rsquo;appareil fixe bien en place<\/li>\n<li>Con\u00e7u pour les applications au point de soins avec un concept esth\u00e9tique et de haute qualit\u00e9<\/li>\n<\/ul>\n","protected":false},"excerpt":{"rendered":"<p>Commandes programmables avec verrouillage de la temp\u00e9rature Point d&rsquo;acc\u00e8s pour  [&#8230;]<\/p>\n","protected":false},"author":4,"featured_media":2161,"template":"","product-categories":[252],"product-rooms":[198],"product-variations":[1036,1032,1033,1035,93],"clients":[],"class_list":["post-1861","product","type-product","status-publish","has-post-thumbnail","hentry","product_cat-positioners-and-warming-products-fr","product_room-surgery-centre-operating-room-fr","product_variation-18-5-cf-fr","product_variation-2-5-cf-18-x-23-x-22-46-x-58-x-56-cm-fr","product_variation-3-5-cf-18-x-23-x-28-46-x-58-x-71-cm-fr","product_variation-7-5-cf-24-x-27-x-35-61-x-69-x-89-cm-fr","product_variation-dimensions-fr"],"acf":[],"_links":{"self":[{"href":"https:\/\/medlinecapitalquote.ca\/fr\/wp-json\/wp\/v2\/products\/1861","targetHints":{"allow":["GET"]}}],"collection":[{"href":"https:\/\/medlinecapitalquote.ca\/fr\/wp-json\/wp\/v2\/products"}],"about":[{"href":"https:\/\/medlinecapitalquote.ca\/fr\/wp-json\/wp\/v2\/types\/product"}],"author":[{"embeddable":true,"href":"https:\/\/medlinecapitalquote.ca\/fr\/wp-json\/wp\/v2\/users\/4"}],"wp:featuredmedia":[{"embeddable":true,"href":"https:\/\/medlinecapitalquote.ca\/fr\/wp-json\/wp\/v2\/media\/2161"}],"wp:attachment":[{"href":"https:\/\/medlinecapitalquote.ca\/fr\/wp-json\/wp\/v2\/media?parent=1861"}],"wp:term":[{"taxonomy":"product_cat","embeddable":true,"href":"https:\/\/medlinecapitalquote.ca\/fr\/wp-json\/wp\/v2\/product-categories?post=1861"},{"taxonomy":"product_room","embeddable":true,"href":"https:\/\/medlinecapitalquote.ca\/fr\/wp-json\/wp\/v2\/product-rooms?post=1861"},{"taxonomy":"product_variation","embeddable":true,"href":"https:\/\/medlinecapitalquote.ca\/fr\/wp-json\/wp\/v2\/product-variations?post=1861"},{"taxonomy":"client","embeddable":true,"href":"https:\/\/medlinecapitalquote.ca\/fr\/wp-json\/wp\/v2\/clients?post=1861"}],"curies":[{"name":"wp","href":"https:\/\/api.w.org\/{rel}","templated":true}]}}