{"id":1862,"date":"2025-12-29T11:41:48","date_gmt":"2025-12-29T11:41:48","guid":{"rendered":"https:\/\/medlinecapitalquote.ca\/products\/systeme-decg-deffort-avec-fil-base-sur-pc-edan-se1515\/"},"modified":"2026-01-09T11:40:31","modified_gmt":"2026-01-09T11:40:31","slug":"systeme-decg-deffort-avec-fil-base-sur-pc-edan-se1515","status":"publish","type":"product","link":"https:\/\/medlinecapitalquote.ca\/fr\/products\/systeme-decg-deffort-avec-fil-base-sur-pc-edan-se1515\/","title":{"rendered":"Syst\u00e8me d&rsquo;ECG d&rsquo;effort avec fil bas\u00e9 sur PC Edan SE1515"},"content":{"rendered":"<ul>\n<li> Fils de connexion s\u00e9par\u00e9s, cod\u00e9s par couleur et pr\u00eats \u00e0 l&#8217;emploi<\/li>\n<li>Int\u00e9gr\u00e9 avec MET, DP, Duck Score et FAI<\/li>\n<li>Flux de travail \u00e0 1 bouton marche\/arr\u00eat\/marqueur d&rsquo;\u00e9v\u00e9nement<\/li>\n<li>Indicateur LED \u00e0 code couleur de la qualit\u00e9 du signal<\/li>\n<\/ul>\n","protected":false},"excerpt":{"rendered":"<p>Fils de connexion s\u00e9par\u00e9s, cod\u00e9s par couleur et pr\u00eats \u00e0  [&#8230;]<\/p>\n","protected":false},"author":3,"featured_media":2161,"template":"","product-categories":[445],"product-rooms":[74],"product-variations":[],"clients":[],"class_list":["post-1862","product","type-product","status-publish","has-post-thumbnail","hentry","product_cat-ecg-spirometers-and-electrodes-fr","product_room-exam-room-fr"],"acf":[],"_links":{"self":[{"href":"https:\/\/medlinecapitalquote.ca\/fr\/wp-json\/wp\/v2\/products\/1862","targetHints":{"allow":["GET"]}}],"collection":[{"href":"https:\/\/medlinecapitalquote.ca\/fr\/wp-json\/wp\/v2\/products"}],"about":[{"href":"https:\/\/medlinecapitalquote.ca\/fr\/wp-json\/wp\/v2\/types\/product"}],"author":[{"embeddable":true,"href":"https:\/\/medlinecapitalquote.ca\/fr\/wp-json\/wp\/v2\/users\/3"}],"wp:featuredmedia":[{"embeddable":true,"href":"https:\/\/medlinecapitalquote.ca\/fr\/wp-json\/wp\/v2\/media\/2161"}],"wp:attachment":[{"href":"https:\/\/medlinecapitalquote.ca\/fr\/wp-json\/wp\/v2\/media?parent=1862"}],"wp:term":[{"taxonomy":"product_cat","embeddable":true,"href":"https:\/\/medlinecapitalquote.ca\/fr\/wp-json\/wp\/v2\/product-categories?post=1862"},{"taxonomy":"product_room","embeddable":true,"href":"https:\/\/medlinecapitalquote.ca\/fr\/wp-json\/wp\/v2\/product-rooms?post=1862"},{"taxonomy":"product_variation","embeddable":true,"href":"https:\/\/medlinecapitalquote.ca\/fr\/wp-json\/wp\/v2\/product-variations?post=1862"},{"taxonomy":"client","embeddable":true,"href":"https:\/\/medlinecapitalquote.ca\/fr\/wp-json\/wp\/v2\/clients?post=1862"}],"curies":[{"name":"wp","href":"https:\/\/api.w.org\/{rel}","templated":true}]}}