{"id":1864,"date":"2025-12-29T09:07:37","date_gmt":"2025-12-29T09:07:37","guid":{"rendered":"https:\/\/medlinecapitalquote.ca\/products\/toise-numerique-a-montage-mural\/"},"modified":"2026-01-02T10:19:58","modified_gmt":"2026-01-02T10:19:58","slug":"toise-numerique-a-montage-mural","status":"publish","type":"product","link":"https:\/\/medlinecapitalquote.ca\/fr\/products\/toise-numerique-a-montage-mural\/","title":{"rendered":"Toise num\u00e9rique \u00e0 montage mural"},"content":{"rendered":"<ul>\n<li>Toise num\u00e9rique \u00e0 montage mural qui fournit des mesures rapides et pr\u00e9cises; pr\u00e9cision de \u00b1 0,1 po (0,1 cm)<\/li>\n<li>Convertit facilement entre 3 formats d&rsquo;affichage : pouces, pieds et pouces, et centim\u00e8tres<\/li>\n<li>Mesure jusqu&rsquo;\u00e0 2,3 m (91 po), avec une plage de mesures de 130 cm (51 po) r\u00e9glable par l&rsquo;utilisateur<\/li>\n<li>L\u2019appuie-t\u00eate coulissant est facile \u00e0 utiliser avec un seul bouton<\/li>\n<li>La fonction de maintien automatique permet de conserver l&rsquo;affichage de la mesure m\u00eame quand la toise est soulev\u00e9e et mise \u00e0 l\u2019\u00e9cart<\/li>\n<\/ul>\n","protected":false},"excerpt":{"rendered":"<p>Toise num\u00e9rique \u00e0 montage mural qui fournit des mesures rapides  [&#8230;]<\/p>\n","protected":false},"author":4,"featured_media":949,"template":"","product-categories":[450],"product-rooms":[74],"product-variations":[1029,92],"clients":[],"class_list":["post-1864","product","type-product","status-publish","has-post-thumbnail","hentry","product_cat-height-measuring-devices-fr","product_room-exam-room-fr","product_variation-jusqua-91-po-230-cm","product_variation-configuration-fr"],"acf":[],"_links":{"self":[{"href":"https:\/\/medlinecapitalquote.ca\/fr\/wp-json\/wp\/v2\/products\/1864","targetHints":{"allow":["GET"]}}],"collection":[{"href":"https:\/\/medlinecapitalquote.ca\/fr\/wp-json\/wp\/v2\/products"}],"about":[{"href":"https:\/\/medlinecapitalquote.ca\/fr\/wp-json\/wp\/v2\/types\/product"}],"author":[{"embeddable":true,"href":"https:\/\/medlinecapitalquote.ca\/fr\/wp-json\/wp\/v2\/users\/4"}],"wp:featuredmedia":[{"embeddable":true,"href":"https:\/\/medlinecapitalquote.ca\/fr\/wp-json\/wp\/v2\/media\/949"}],"wp:attachment":[{"href":"https:\/\/medlinecapitalquote.ca\/fr\/wp-json\/wp\/v2\/media?parent=1864"}],"wp:term":[{"taxonomy":"product_cat","embeddable":true,"href":"https:\/\/medlinecapitalquote.ca\/fr\/wp-json\/wp\/v2\/product-categories?post=1864"},{"taxonomy":"product_room","embeddable":true,"href":"https:\/\/medlinecapitalquote.ca\/fr\/wp-json\/wp\/v2\/product-rooms?post=1864"},{"taxonomy":"product_variation","embeddable":true,"href":"https:\/\/medlinecapitalquote.ca\/fr\/wp-json\/wp\/v2\/product-variations?post=1864"},{"taxonomy":"client","embeddable":true,"href":"https:\/\/medlinecapitalquote.ca\/fr\/wp-json\/wp\/v2\/clients?post=1864"}],"curies":[{"name":"wp","href":"https:\/\/api.w.org\/{rel}","templated":true}]}}