{"id":1869,"date":"2025-12-29T10:04:42","date_gmt":"2025-12-29T10:04:42","guid":{"rendered":"https:\/\/medlinecapitalquote.ca\/products\/support-ajustable-pour-contenant-a-objets-tranchants\/"},"modified":"2026-01-02T10:31:27","modified_gmt":"2026-01-02T10:31:27","slug":"support-ajustable-pour-contenant-a-objets-tranchants","status":"publish","type":"product","link":"https:\/\/medlinecapitalquote.ca\/fr\/products\/support-ajustable-pour-contenant-a-objets-tranchants\/","title":{"rendered":"Support ajustable pour contenant \u00e0 objets tranchants"},"content":{"rendered":"<ul>\n<li>Discret et maintient solidement le contenant en place<\/li>\n<li>S\u00e9curise le contenant \u00e0 objets tranchants \u00e0 un mur ou chariot m\u00e9dical en le maintenant \u00e0 la verticale tout au long de l&rsquo;utilisation<\/li>\n<\/ul>\n","protected":false},"excerpt":{"rendered":"<p>Discret et maintient solidement le contenant en place S\u00e9curise le  [&#8230;]<\/p>\n","protected":false},"author":4,"featured_media":823,"template":"","product-categories":[465],"product-rooms":[198,74],"product-variations":[],"clients":[],"class_list":["post-1869","product","type-product","status-publish","has-post-thumbnail","hentry","product_cat-sharps-containers-fr","product_room-surgery-centre-operating-room-fr","product_room-exam-room-fr"],"acf":[],"_links":{"self":[{"href":"https:\/\/medlinecapitalquote.ca\/fr\/wp-json\/wp\/v2\/products\/1869","targetHints":{"allow":["GET"]}}],"collection":[{"href":"https:\/\/medlinecapitalquote.ca\/fr\/wp-json\/wp\/v2\/products"}],"about":[{"href":"https:\/\/medlinecapitalquote.ca\/fr\/wp-json\/wp\/v2\/types\/product"}],"author":[{"embeddable":true,"href":"https:\/\/medlinecapitalquote.ca\/fr\/wp-json\/wp\/v2\/users\/4"}],"wp:featuredmedia":[{"embeddable":true,"href":"https:\/\/medlinecapitalquote.ca\/fr\/wp-json\/wp\/v2\/media\/823"}],"wp:attachment":[{"href":"https:\/\/medlinecapitalquote.ca\/fr\/wp-json\/wp\/v2\/media?parent=1869"}],"wp:term":[{"taxonomy":"product_cat","embeddable":true,"href":"https:\/\/medlinecapitalquote.ca\/fr\/wp-json\/wp\/v2\/product-categories?post=1869"},{"taxonomy":"product_room","embeddable":true,"href":"https:\/\/medlinecapitalquote.ca\/fr\/wp-json\/wp\/v2\/product-rooms?post=1869"},{"taxonomy":"product_variation","embeddable":true,"href":"https:\/\/medlinecapitalquote.ca\/fr\/wp-json\/wp\/v2\/product-variations?post=1869"},{"taxonomy":"client","embeddable":true,"href":"https:\/\/medlinecapitalquote.ca\/fr\/wp-json\/wp\/v2\/clients?post=1869"}],"curies":[{"name":"wp","href":"https:\/\/api.w.org\/{rel}","templated":true}]}}