{"id":1873,"date":"2025-12-29T12:11:25","date_gmt":"2025-12-29T12:11:25","guid":{"rendered":"https:\/\/medlinecapitalquote.ca\/products\/ecg-edan-se-1200-avec-ecran-tactile-lcd\/"},"modified":"2026-01-02T10:37:22","modified_gmt":"2026-01-02T10:37:22","slug":"ecg-edan-se-1200-avec-ecran-tactile-lcd","status":"publish","type":"product","link":"https:\/\/medlinecapitalquote.ca\/fr\/products\/ecg-edan-se-1200-avec-ecran-tactile-lcd\/","title":{"rendered":"ECG Edan\u00ae SE-1200 avec \u00e9cran tactile LCD"},"content":{"rendered":"<ul>\n<li>\u00c9cran tactile LCD de 20 cm (8 po)<\/li>\n<li>Fonctionnement par touche unique<\/li>\n<li>Meilleure d\u00e9tection des signaux faibles<\/li>\n<li>Technologie anti-bruit et filtres complets<\/li>\n<li>Algorithme SEMIP avanc\u00e9 pour des mesures et une interpr\u00e9tation automatiques<\/li>\n<li>Imprimante thermique haute r\u00e9solution int\u00e9gr\u00e9e avec support pour une imprimante USB externe<\/li>\n<li>M\u00e9moire interne importante<\/li>\n<li>Gestion int\u00e9gr\u00e9e des donn\u00e9es avec examen des rapports<\/li>\n<li>Connexions LAN\/Wi-Fi<\/li>\n<\/ul>\n","protected":false},"excerpt":{"rendered":"<p>\u00c9cran tactile LCD de 20 cm (8 po) Fonctionnement par  [&#8230;]<\/p>\n","protected":false},"author":3,"featured_media":825,"template":"","product-categories":[445],"product-rooms":[74],"product-variations":[571,92],"clients":[],"class_list":["post-1873","product","type-product","status-publish","has-post-thumbnail","hentry","product_cat-ecg-spirometers-and-electrodes-fr","product_room-exam-room-fr","product_variation-8-po-20-cm","product_variation-configuration-fr"],"acf":[],"_links":{"self":[{"href":"https:\/\/medlinecapitalquote.ca\/fr\/wp-json\/wp\/v2\/products\/1873","targetHints":{"allow":["GET"]}}],"collection":[{"href":"https:\/\/medlinecapitalquote.ca\/fr\/wp-json\/wp\/v2\/products"}],"about":[{"href":"https:\/\/medlinecapitalquote.ca\/fr\/wp-json\/wp\/v2\/types\/product"}],"author":[{"embeddable":true,"href":"https:\/\/medlinecapitalquote.ca\/fr\/wp-json\/wp\/v2\/users\/3"}],"wp:featuredmedia":[{"embeddable":true,"href":"https:\/\/medlinecapitalquote.ca\/fr\/wp-json\/wp\/v2\/media\/825"}],"wp:attachment":[{"href":"https:\/\/medlinecapitalquote.ca\/fr\/wp-json\/wp\/v2\/media?parent=1873"}],"wp:term":[{"taxonomy":"product_cat","embeddable":true,"href":"https:\/\/medlinecapitalquote.ca\/fr\/wp-json\/wp\/v2\/product-categories?post=1873"},{"taxonomy":"product_room","embeddable":true,"href":"https:\/\/medlinecapitalquote.ca\/fr\/wp-json\/wp\/v2\/product-rooms?post=1873"},{"taxonomy":"product_variation","embeddable":true,"href":"https:\/\/medlinecapitalquote.ca\/fr\/wp-json\/wp\/v2\/product-variations?post=1873"},{"taxonomy":"client","embeddable":true,"href":"https:\/\/medlinecapitalquote.ca\/fr\/wp-json\/wp\/v2\/clients?post=1873"}],"curies":[{"name":"wp","href":"https:\/\/api.w.org\/{rel}","templated":true}]}}